{"id":722,"date":"2022-06-12T17:28:03","date_gmt":"2022-06-12T15:28:03","guid":{"rendered":"https:\/\/coolestprojects.coderdojocesko.cz\/coolestprojects\/?page_id=722"},"modified":"2022-06-13T21:00:36","modified_gmt":"2022-06-13T19:00:36","slug":"nejoblibenejsi-projekty-porotcu","status":"publish","type":"page","link":"https:\/\/coolestprojects.coderdojocesko.cz\/coolestprojects\/?page_id=722","title":{"rendered":"Nejobl\u00edben\u011bj\u0161\u00ed projekty porotc\u016f"},"content":{"rendered":"\n<p class=\"has-text-align-center\">Luk\u00e1\u0161 (11 let), Vset\u00edn, Avoid Obstacles (Scratch)<\/p>\n\n\n\n<p align=\"center\"><iframe loading=\"lazy\" src=\"https:\/\/scratch.mit.edu\/projects\/525368069\/embed\" allowtransparency=\"true\" width=\"485\" height=\"402\" frameborder=\"0\" scrolling=\"no\" allowfullscreen=\"\"><\/iframe><\/p>\n\n\n\n<p class=\"has-text-align-center\">Samuel (13 let), Vset\u00edn,&nbsp; Hra (Scratch)&nbsp;<\/p>\n\n\n\n<p align=\"center\"><iframe loading=\"lazy\" src=\"https:\/\/scratch.mit.edu\/projects\/678506773\/embed\" allowtransparency=\"true\" width=\"485\" height=\"402\" frameborder=\"0\" scrolling=\"no\" allowfullscreen=\"\"><\/iframe><\/p>\n\n\n\n<p class=\"has-text-align-center\">Ond\u0159ej (11 let), Brno,&nbsp; Roblox Physics Obby Platformer (Scratch)&nbsp;<\/p>\n\n\n\n<p align=\"center\"><iframe loading=\"lazy\" src=\"https:\/\/scratch.mit.edu\/projects\/679300584\/embed\" allowtransparency=\"true\" width=\"485\" height=\"402\" frameborder=\"0\" scrolling=\"no\" allowfullscreen=\"\"><\/iframe><\/p>\n\n\n\n<p class=\"has-text-align-center\">Pavla (12 let), Ku\u0159im,&nbsp; R\u016fzn\u00e9 tvary (Scratch)<\/p>\n\n\n\n<p align=\"center\"><iframe loading=\"lazy\" src=\"https:\/\/scratch.mit.edu\/projects\/504849033\/embed\" allowtransparency=\"true\" width=\"485\" height=\"402\" frameborder=\"0\" scrolling=\"no\" allowfullscreen=\"\"><\/iframe><\/p>\n\n\n\n<p class=\"has-text-align-center\">Hana (10 let), Vset\u00edn,&nbsp; V\u00edla chatbot (Scratch)&nbsp;<\/p>\n\n\n\n<p align=\"center\"><iframe loading=\"lazy\" src=\"https:\/\/scratch.mit.edu\/projects\/663960713\/embed\" allowtransparency=\"true\" width=\"485\" height=\"402\" frameborder=\"0\" scrolling=\"no\" allowfullscreen=\"\"><\/iframe><\/p>\n\n\n\n<p class=\"has-text-align-center\">Dan (8 let), Vset\u00edn, Catch Game (Scratch)<\/p>\n\n\n\n<p align=\"center\"><iframe loading=\"lazy\" src=\"https:\/\/scratch.mit.edu\/projects\/676258489\/embed\" allowtransparency=\"true\" width=\"485\" height=\"402\" frameborder=\"0\" scrolling=\"no\" allowfullscreen=\"\"><\/iframe><\/p>\n\n\n\n<p class=\"has-text-align-center\">Dalibor (13 let) \/ Tom\u00e1\u0161 (12) \/ Jirka (14), \u00dast\u00ed nad Labem,&nbsp; Rukavice pro nevidom\u00e9 (Hardware)<\/p>\n\n\n\n<figure class=\"wp-block-embed is-type-video is-provider-youtube wp-block-embed-youtube wp-embed-aspect-16-9 wp-has-aspect-ratio\"><div class=\"wp-block-embed__wrapper\">\n<div class=\"nv-iframe-embed\"><iframe loading=\"lazy\" title=\"Coolest projects,  \u010desko 2022\" width=\"1200\" height=\"675\" src=\"https:\/\/www.youtube.com\/embed\/a4xK-KuBgf8?feature=oembed\" frameborder=\"0\" allow=\"accelerometer; autoplay; clipboard-write; encrypted-media; gyroscope; picture-in-picture\" allowfullscreen><\/iframe><\/div>\n<\/div><\/figure>\n\n\n\n<p class=\"has-text-align-center\">Jakub (12 let), T\u0159e\u0161\u0165 \u2013 Gymn\u00e1zium Jihlava, Kuka\u010dkov\u00e9 a digit\u00e1ln\u00ed hodiny z Lega Mindstorms (Hardware)<\/p>\n\n\n\n<figure class=\"wp-block-embed is-type-video is-provider-youtube wp-block-embed-youtube wp-embed-aspect-16-9 wp-has-aspect-ratio\"><div class=\"wp-block-embed__wrapper\">\n<div class=\"nv-iframe-embed\"><iframe loading=\"lazy\" title=\"Kuka\u010dkov\u00e9 hodiny z LEGO Mindstorms\" width=\"1200\" height=\"675\" src=\"https:\/\/www.youtube.com\/embed\/hNEFUnj3yAo?feature=oembed\" frameborder=\"0\" allow=\"accelerometer; autoplay; clipboard-write; encrypted-media; gyroscope; picture-in-picture\" allowfullscreen><\/iframe><\/div>\n<\/div><\/figure>\n\n\n\n<p class=\"has-text-align-center\">David (11 let), Ho\u0161\u0165\u00e1lkov\u00e1,&nbsp; Arduino maj\u00e1k (Hardware)<\/p>\n\n\n\n<figure class=\"wp-block-embed is-type-video is-provider-youtube wp-block-embed-youtube wp-embed-aspect-16-9 wp-has-aspect-ratio\"><div class=\"wp-block-embed__wrapper\">\n<div class=\"nv-iframe-embed\"><iframe loading=\"lazy\" title=\"David P. - Arduino maj\u00e1k \/ Arduino Lighthouse\" width=\"1200\" height=\"675\" src=\"https:\/\/www.youtube.com\/embed\/rN1MGvp2gi4?feature=oembed\" frameborder=\"0\" allow=\"accelerometer; autoplay; clipboard-write; encrypted-media; gyroscope; picture-in-picture\" allowfullscreen><\/iframe><\/div>\n<\/div><\/figure>\n\n\n\n<p class=\"has-text-align-center\">Jakub (10 let), Brno,&nbsp; Drtiv\u00e1 por\u00e1\u017eka (Hry)<\/p>\n\n\n\n<figure class=\"wp-block-embed is-type-video is-provider-youtube wp-block-embed-youtube wp-embed-aspect-16-9 wp-has-aspect-ratio\"><div class=\"wp-block-embed__wrapper\">\n<div class=\"nv-iframe-embed\"><iframe loading=\"lazy\" title=\"CoderDojo Coolest project demo video\" width=\"1200\" height=\"675\" src=\"https:\/\/www.youtube.com\/embed\/AUQBOGi319A?feature=oembed\" frameborder=\"0\" allow=\"accelerometer; autoplay; clipboard-write; encrypted-media; gyroscope; picture-in-picture\" allowfullscreen><\/iframe><\/div>\n<\/div><\/figure>\n\n\n\n<p class=\"has-text-align-center\">Maxmili\u00e1n (10 let), \u010cerven\u00fd Kostelec, Hra \u2013 bitva dvou st\u00e1t\u016f (Hry)<\/p>\n\n\n\n<figure class=\"wp-block-embed is-type-video is-provider-youtube wp-block-embed-youtube wp-embed-aspect-16-9 wp-has-aspect-ratio\"><div class=\"wp-block-embed__wrapper\">\n<div class=\"nv-iframe-embed\"><iframe loading=\"lazy\" title=\"Coolest Projects \u010cesko - Maxmili\u00e1n Hejna - JavaScript\" width=\"1200\" height=\"675\" src=\"https:\/\/www.youtube.com\/embed\/U6mdCM9PXNE?feature=oembed\" frameborder=\"0\" allow=\"accelerometer; autoplay; clipboard-write; encrypted-media; gyroscope; picture-in-picture\" allowfullscreen><\/iframe><\/div>\n<\/div><\/figure>\n\n\n\n<p class=\"has-text-align-center\">Mat\u011bj (15 let), B\u0159eclav, Project: 420 (pracovn\u00ed n\u00e1zev) (Pokro\u010dil\u00e9 programov\u00e1n\u00ed)<\/p>\n\n\n\n<figure class=\"wp-block-embed is-type-video is-provider-youtube wp-block-embed-youtube wp-embed-aspect-16-9 wp-has-aspect-ratio\"><div class=\"wp-block-embed__wrapper\">\n<div class=\"nv-iframe-embed\"><iframe loading=\"lazy\" title=\"Project: 420 \u00favod do hry\" width=\"1200\" height=\"675\" src=\"https:\/\/www.youtube.com\/embed\/nu9ZVBsEQzw?feature=oembed\" frameborder=\"0\" allow=\"accelerometer; autoplay; clipboard-write; encrypted-media; gyroscope; picture-in-picture\" allowfullscreen><\/iframe><\/div>\n<\/div><\/figure>\n\n\n\n<p class=\"has-text-align-center\">Ond\u0159ej (9 let), Vset\u00edn, Kalkul\u00e1tor (Mobiln\u00ed aplikace)<\/p>\n\n\n\n<figure class=\"wp-block-embed is-type-video is-provider-youtube wp-block-embed-youtube wp-embed-aspect-16-9 wp-has-aspect-ratio\"><div class=\"wp-block-embed__wrapper\">\n<div class=\"nv-iframe-embed\"><iframe loading=\"lazy\" title=\"Ond\u0159ej K. - kalkula\u010dka v App Inventoru \/ App Inventor Calculator\" width=\"1200\" height=\"675\" src=\"https:\/\/www.youtube.com\/embed\/PSxbhPE2fz8?feature=oembed\" frameborder=\"0\" allow=\"accelerometer; autoplay; clipboard-write; encrypted-media; gyroscope; picture-in-picture\" allowfullscreen><\/iframe><\/div>\n<\/div><\/figure>\n","protected":false},"excerpt":{"rendered":"<p>Luk\u00e1\u0161 (11 let), Vset\u00edn, Avoid Obstacles (Scratch) Samuel (13 let), Vset\u00edn,&nbsp; Hra (Scratch)&nbsp; Ond\u0159ej (11 let), Brno,&nbsp; Roblox Physics Obby Platformer (Scratch)&nbsp; Pavla (12 let), Ku\u0159im,&nbsp; R\u016fzn\u00e9 tvary (Scratch) Hana (10 let), Vset\u00edn,&nbsp; V\u00edla chatbot (Scratch)&nbsp; Dan (8 let), Vset\u00edn, Catch Game (Scratch) Dalibor (13 let) \/ Tom\u00e1\u0161 (12) \/ Jirka (14), \u00dast\u00ed nad Labem,&nbsp;&hellip;&nbsp;<a href=\"https:\/\/coolestprojects.coderdojocesko.cz\/coolestprojects\/?page_id=722\" rel=\"bookmark\">\u010c\u00edst d\u00e1le &raquo;<span class=\"screen-reader-text\">Nejobl\u00edben\u011bj\u0161\u00ed projekty porotc\u016f<\/span><\/a><\/p>\n","protected":false},"author":1,"featured_media":0,"parent":0,"menu_order":0,"comment_status":"closed","ping_status":"closed","template":"","meta":{"_uag_custom_page_level_css":"","_monsterinsights_skip_tracking":false,"_monsterinsights_sitenote_active":false,"_monsterinsights_sitenote_note":"","_monsterinsights_sitenote_category":0,"neve_meta_sidebar":"","neve_meta_container":"","neve_meta_enable_content_width":"","neve_meta_content_width":0,"neve_meta_title_alignment":"","neve_meta_author_avatar":"","neve_post_elements_order":"","neve_meta_disable_header":"","neve_meta_disable_footer":"","neve_meta_disable_title":"","footnotes":""},"class_list":["post-722","page","type-page","status-publish","hentry"],"uagb_featured_image_src":{"full":false,"thumbnail":false,"medium":false,"medium_large":false,"large":false,"1536x1536":false,"2048x2048":false,"neve-blog":false},"uagb_author_info":{"display_name":"vlekner","author_link":"https:\/\/coolestprojects.coderdojocesko.cz\/coolestprojects\/?author=1"},"uagb_comment_info":0,"uagb_excerpt":"Luk\u00e1\u0161 (11 let), Vset\u00edn, Avoid Obstacles (Scratch) Samuel (13 let), Vset\u00edn,&nbsp; Hra (Scratch)&nbsp; Ond\u0159ej (11 let), Brno,&nbsp; Roblox Physics Obby Platformer (Scratch)&nbsp; Pavla (12 let), Ku\u0159im,&nbsp; R\u016fzn\u00e9 tvary (Scratch) Hana (10 let), Vset\u00edn,&nbsp; V\u00edla chatbot (Scratch)&nbsp; Dan (8 let), Vset\u00edn, Catch Game (Scratch) Dalibor (13 let) \/ Tom\u00e1\u0161 (12) \/ Jirka (14), \u00dast\u00ed nad Labem,&nbsp;&hellip;&nbsp;\u010c\u00edst&hellip;","_links":{"self":[{"href":"https:\/\/coolestprojects.coderdojocesko.cz\/coolestprojects\/index.php?rest_route=\/wp\/v2\/pages\/722","targetHints":{"allow":["GET"]}}],"collection":[{"href":"https:\/\/coolestprojects.coderdojocesko.cz\/coolestprojects\/index.php?rest_route=\/wp\/v2\/pages"}],"about":[{"href":"https:\/\/coolestprojects.coderdojocesko.cz\/coolestprojects\/index.php?rest_route=\/wp\/v2\/types\/page"}],"author":[{"embeddable":true,"href":"https:\/\/coolestprojects.coderdojocesko.cz\/coolestprojects\/index.php?rest_route=\/wp\/v2\/users\/1"}],"replies":[{"embeddable":true,"href":"https:\/\/coolestprojects.coderdojocesko.cz\/coolestprojects\/index.php?rest_route=%2Fwp%2Fv2%2Fcomments&post=722"}],"version-history":[{"count":5,"href":"https:\/\/coolestprojects.coderdojocesko.cz\/coolestprojects\/index.php?rest_route=\/wp\/v2\/pages\/722\/revisions"}],"predecessor-version":[{"id":733,"href":"https:\/\/coolestprojects.coderdojocesko.cz\/coolestprojects\/index.php?rest_route=\/wp\/v2\/pages\/722\/revisions\/733"}],"wp:attachment":[{"href":"https:\/\/coolestprojects.coderdojocesko.cz\/coolestprojects\/index.php?rest_route=%2Fwp%2Fv2%2Fmedia&parent=722"}],"curies":[{"name":"wp","href":"https:\/\/api.w.org\/{rel}","templated":true}]}}