{"id":666,"date":"2022-05-01T21:43:31","date_gmt":"2022-05-01T19:43:31","guid":{"rendered":"https:\/\/coolestprojects.coderdojocesko.cz\/coolestprojects\/?page_id=666"},"modified":"2022-05-01T21:43:33","modified_gmt":"2022-05-01T19:43:33","slug":"project-420","status":"publish","type":"page","link":"https:\/\/coolestprojects.coderdojocesko.cz\/coolestprojects\/?page_id=666","title":{"rendered":"Project 420"},"content":{"rendered":"\n<p align=\"center\"><iframe loading=\"lazy\" width=\"560\" height=\"315\" src=\"https:\/\/www.youtube.com\/embed\/nu9ZVBsEQzw\" title=\"YouTube video player\" frameborder=\"0\" allow=\"accelerometer; autoplay; clipboard-write; encrypted-media; gyroscope; picture-in-picture\" allowfullscreen><\/iframe><\/p>\n\n\n\n<figure class=\"wp-block-table\"><table><tbody><tr><td><\/td><td><\/td><\/tr><tr><td>Autor<\/td><td>Mat\u011bj \u0160., 15 let<\/td><\/tr><tr><td>M\u011bsto<\/td><td>B\u0159eclav<\/td><\/tr><tr><td>Klub<\/td><td>&#8212;<\/td><\/tr><tr><td>Kategorie<\/td><td>Pokro\u010dil\u00e9 programov\u00e1n\u00ed<\/td><\/tr><\/tbody><\/table><\/figure>\n\n\n\n<div class=\"wp-block-buttons is-layout-flex wp-block-buttons-is-layout-flex\">\n<div class=\"wp-block-button aligncenter\"><a class=\"wp-block-button__link has-nv-dark-bg-color has-neve-link-color-background-color has-text-color has-background\" href=\"https:\/\/coolestprojects.coderdojocesko.cz\/coolestprojects\/?page_id=430\">ZOBRAZIT DAL\u0160\u00cd PROJEKTY<\/a><\/div>\n<\/div>\n\n\n\n<div style=\"height:56px\" aria-hidden=\"true\" class=\"wp-block-spacer\"><\/div>\n","protected":false},"excerpt":{"rendered":"<p>Autor Mat\u011bj \u0160., 15 let M\u011bsto B\u0159eclav Klub &#8212; Kategorie Pokro\u010dil\u00e9 programov\u00e1n\u00ed<\/p>\n","protected":false},"author":1,"featured_media":0,"parent":0,"menu_order":0,"comment_status":"closed","ping_status":"closed","template":"","meta":{"_uag_custom_page_level_css":"","_monsterinsights_skip_tracking":false,"_monsterinsights_sitenote_active":false,"_monsterinsights_sitenote_note":"","_monsterinsights_sitenote_category":0,"neve_meta_sidebar":"","neve_meta_container":"","neve_meta_enable_content_width":"","neve_meta_content_width":0,"neve_meta_title_alignment":"","neve_meta_author_avatar":"","neve_post_elements_order":"","neve_meta_disable_header":"","neve_meta_disable_footer":"","neve_meta_disable_title":"","footnotes":""},"class_list":["post-666","page","type-page","status-publish","hentry"],"uagb_featured_image_src":{"full":false,"thumbnail":false,"medium":false,"medium_large":false,"large":false,"1536x1536":false,"2048x2048":false,"neve-blog":false},"uagb_author_info":{"display_name":"vlekner","author_link":"https:\/\/coolestprojects.coderdojocesko.cz\/coolestprojects\/?author=1"},"uagb_comment_info":0,"uagb_excerpt":"Autor Mat\u011bj \u0160., 15 let M\u011bsto B\u0159eclav Klub &#8212; Kategorie Pokro\u010dil\u00e9 programov\u00e1n\u00ed","_links":{"self":[{"href":"https:\/\/coolestprojects.coderdojocesko.cz\/coolestprojects\/index.php?rest_route=\/wp\/v2\/pages\/666","targetHints":{"allow":["GET"]}}],"collection":[{"href":"https:\/\/coolestprojects.coderdojocesko.cz\/coolestprojects\/index.php?rest_route=\/wp\/v2\/pages"}],"about":[{"href":"https:\/\/coolestprojects.coderdojocesko.cz\/coolestprojects\/index.php?rest_route=\/wp\/v2\/types\/page"}],"author":[{"embeddable":true,"href":"https:\/\/coolestprojects.coderdojocesko.cz\/coolestprojects\/index.php?rest_route=\/wp\/v2\/users\/1"}],"replies":[{"embeddable":true,"href":"https:\/\/coolestprojects.coderdojocesko.cz\/coolestprojects\/index.php?rest_route=%2Fwp%2Fv2%2Fcomments&post=666"}],"version-history":[{"count":4,"href":"https:\/\/coolestprojects.coderdojocesko.cz\/coolestprojects\/index.php?rest_route=\/wp\/v2\/pages\/666\/revisions"}],"predecessor-version":[{"id":671,"href":"https:\/\/coolestprojects.coderdojocesko.cz\/coolestprojects\/index.php?rest_route=\/wp\/v2\/pages\/666\/revisions\/671"}],"wp:attachment":[{"href":"https:\/\/coolestprojects.coderdojocesko.cz\/coolestprojects\/index.php?rest_route=%2Fwp%2Fv2%2Fmedia&parent=666"}],"curies":[{"name":"wp","href":"https:\/\/api.w.org\/{rel}","templated":true}]}}