{"id":430,"date":"2022-03-22T17:04:05","date_gmt":"2022-03-22T16:04:05","guid":{"rendered":"https:\/\/coolestprojects.coderdojocesko.cz\/coolestprojects\/?page_id=430"},"modified":"2022-05-03T23:23:59","modified_gmt":"2022-05-03T21:23:59","slug":"galerie-projektu","status":"publish","type":"page","link":"https:\/\/coolestprojects.coderdojocesko.cz\/coolestprojects\/?page_id=430","title":{"rendered":"Galerie projekt\u016f"},"content":{"rendered":"\n<div class=\"wp-block-buttons is-layout-flex wp-block-buttons-is-layout-flex\">\n<div class=\"wp-block-button\"><a class=\"wp-block-button__link has-nv-dark-bg-color has-neve-link-color-background-color has-text-color has-background\" href=\"https:\/\/coolestprojects.coderdojocesko.cz\/coolestprojects\/?page_id=390\">Chci v\u011bd\u011bt v\u00edc<\/a><\/div>\n\n\n\n<div class=\"wp-block-button\"><a class=\"wp-block-button__link has-nv-dark-bg-color has-neve-link-color-background-color has-text-color has-background\" href=\"https:\/\/coolestprojects.coderdojocesko.cz\/coolestprojects\/?page_id=405\">Registrovat se<\/a><\/div>\n<\/div>\n\n\n\n<div style=\"height:44px\" aria-hidden=\"true\" class=\"wp-block-spacer\"><\/div>\n\n\n\n<h2 class=\"wp-block-heading\">Kategorie: Scratch<\/h2>\n\n\n\n<figure class=\"wp-block-gallery has-nested-images columns-2 is-cropped wp-block-gallery-1 is-layout-flex wp-block-gallery-is-layout-flex\">\n<figure class=\"wp-block-image size-full\"><a href=\"https:\/\/coolestprojects.coderdojocesko.cz\/coolestprojects\/?page_id=482\"><img loading=\"lazy\" decoding=\"async\" width=\"478\" height=\"350\" data-id=\"473\" src=\"https:\/\/coolestprojects.coderdojocesko.cz\/coolestprojects\/wp-content\/uploads\/2022\/04\/centraur_projekt.png\" alt=\"\" class=\"wp-image-473\" srcset=\"https:\/\/coolestprojects.coderdojocesko.cz\/coolestprojects\/wp-content\/uploads\/2022\/04\/centraur_projekt.png 478w, https:\/\/coolestprojects.coderdojocesko.cz\/coolestprojects\/wp-content\/uploads\/2022\/04\/centraur_projekt-300x220.png 300w\" sizes=\"auto, (max-width: 478px) 100vw, 478px\" \/><\/a><figcaption>Sk\u00e1ka\u010dka Centaur<\/figcaption><\/figure>\n\n\n\n<figure class=\"wp-block-image size-full\"><a href=\"https:\/\/coolestprojects.coderdojocesko.cz\/coolestprojects\/?page_id=493\"><img loading=\"lazy\" decoding=\"async\" width=\"478\" height=\"358\" data-id=\"476\" src=\"https:\/\/coolestprojects.coderdojocesko.cz\/coolestprojects\/wp-content\/uploads\/2022\/04\/jump_panther-2.png\" alt=\"\" class=\"wp-image-476\" srcset=\"https:\/\/coolestprojects.coderdojocesko.cz\/coolestprojects\/wp-content\/uploads\/2022\/04\/jump_panther-2.png 478w, https:\/\/coolestprojects.coderdojocesko.cz\/coolestprojects\/wp-content\/uploads\/2022\/04\/jump_panther-2-300x225.png 300w\" sizes=\"auto, (max-width: 478px) 100vw, 478px\" \/><\/a><figcaption>Jump Panther<\/figcaption><\/figure>\n\n\n\n<figure class=\"wp-block-image size-thumbnail\"><a href=\"https:\/\/coolestprojects.coderdojocesko.cz\/coolestprojects\/?page_id=497\"><img loading=\"lazy\" decoding=\"async\" width=\"477\" height=\"350\" data-id=\"478\" src=\"https:\/\/coolestprojects.coderdojocesko.cz\/coolestprojects\/wp-content\/uploads\/2022\/04\/vila_bot-2.png\" alt=\"\" class=\"wp-image-478\" srcset=\"https:\/\/coolestprojects.coderdojocesko.cz\/coolestprojects\/wp-content\/uploads\/2022\/04\/vila_bot-2.png 477w, https:\/\/coolestprojects.coderdojocesko.cz\/coolestprojects\/wp-content\/uploads\/2022\/04\/vila_bot-2-300x220.png 300w\" sizes=\"auto, (max-width: 477px) 100vw, 477px\" \/><\/a><figcaption>V\u00edla chatbot<\/figcaption><\/figure>\n\n\n\n<figure class=\"wp-block-image size-full\"><a href=\"https:\/\/coolestprojects.coderdojocesko.cz\/coolestprojects\/?page_id=504\"><img loading=\"lazy\" decoding=\"async\" width=\"480\" height=\"359\" data-id=\"477\" src=\"https:\/\/coolestprojects.coderdojocesko.cz\/coolestprojects\/wp-content\/uploads\/2022\/04\/banana_monkey-2.png\" alt=\"\" class=\"wp-image-477\" srcset=\"https:\/\/coolestprojects.coderdojocesko.cz\/coolestprojects\/wp-content\/uploads\/2022\/04\/banana_monkey-2.png 480w, https:\/\/coolestprojects.coderdojocesko.cz\/coolestprojects\/wp-content\/uploads\/2022\/04\/banana_monkey-2-300x224.png 300w\" sizes=\"auto, (max-width: 480px) 100vw, 480px\" \/><\/a><figcaption>Banana Monkey<\/figcaption><\/figure>\n<\/figure>\n\n\n\n<figure class=\"wp-block-gallery has-nested-images columns-2 is-cropped wp-block-gallery-2 is-layout-flex wp-block-gallery-is-layout-flex\">\n<figure class=\"wp-block-image size-large\"><a href=\"https:\/\/coolestprojects.coderdojocesko.cz\/coolestprojects\/?page_id=513\"><img loading=\"lazy\" decoding=\"async\" width=\"345\" height=\"259\" data-id=\"517\" src=\"https:\/\/coolestprojects.coderdojocesko.cz\/coolestprojects\/wp-content\/uploads\/2022\/04\/ruzne-tvary.png\" alt=\"\" class=\"wp-image-517\" srcset=\"https:\/\/coolestprojects.coderdojocesko.cz\/coolestprojects\/wp-content\/uploads\/2022\/04\/ruzne-tvary.png 345w, https:\/\/coolestprojects.coderdojocesko.cz\/coolestprojects\/wp-content\/uploads\/2022\/04\/ruzne-tvary-300x225.png 300w\" sizes=\"auto, (max-width: 345px) 100vw, 345px\" \/><\/a><figcaption>R\u016fzn\u00e9 tvary<\/figcaption><\/figure>\n\n\n\n<figure class=\"wp-block-image size-large\"><a href=\"https:\/\/coolestprojects.coderdojocesko.cz\/coolestprojects\/?page_id=551\"><img loading=\"lazy\" decoding=\"async\" width=\"472\" height=\"354\" data-id=\"554\" src=\"https:\/\/coolestprojects.coderdojocesko.cz\/coolestprojects\/wp-content\/uploads\/2022\/04\/catch_game.png\" alt=\"\" class=\"wp-image-554\" srcset=\"https:\/\/coolestprojects.coderdojocesko.cz\/coolestprojects\/wp-content\/uploads\/2022\/04\/catch_game.png 472w, https:\/\/coolestprojects.coderdojocesko.cz\/coolestprojects\/wp-content\/uploads\/2022\/04\/catch_game-300x225.png 300w\" sizes=\"auto, (max-width: 472px) 100vw, 472px\" \/><\/a><figcaption>Catch Game<\/figcaption><\/figure>\n\n\n\n<figure class=\"wp-block-image size-large\"><a href=\"https:\/\/coolestprojects.coderdojocesko.cz\/coolestprojects\/?page_id=566\"><img loading=\"lazy\" decoding=\"async\" width=\"475\" height=\"352\" data-id=\"602\" src=\"https:\/\/coolestprojects.coderdojocesko.cz\/coolestprojects\/wp-content\/uploads\/2022\/04\/fnf_game.png\" alt=\"\" class=\"wp-image-602\" srcset=\"https:\/\/coolestprojects.coderdojocesko.cz\/coolestprojects\/wp-content\/uploads\/2022\/04\/fnf_game.png 475w, https:\/\/coolestprojects.coderdojocesko.cz\/coolestprojects\/wp-content\/uploads\/2022\/04\/fnf_game-300x222.png 300w\" sizes=\"auto, (max-width: 475px) 100vw, 475px\" \/><\/a><figcaption>FNF Game<\/figcaption><\/figure>\n\n\n\n<figure class=\"wp-block-image size-large\"><a href=\"https:\/\/coolestprojects.coderdojocesko.cz\/coolestprojects\/?page_id=570\"><img loading=\"lazy\" decoding=\"async\" width=\"465\" height=\"352\" data-id=\"604\" src=\"https:\/\/coolestprojects.coderdojocesko.cz\/coolestprojects\/wp-content\/uploads\/2022\/04\/test.png\" alt=\"\" class=\"wp-image-604\" srcset=\"https:\/\/coolestprojects.coderdojocesko.cz\/coolestprojects\/wp-content\/uploads\/2022\/04\/test.png 465w, https:\/\/coolestprojects.coderdojocesko.cz\/coolestprojects\/wp-content\/uploads\/2022\/04\/test-300x227.png 300w\" sizes=\"auto, (max-width: 465px) 100vw, 465px\" \/><\/a><figcaption>Test<\/figcaption><\/figure>\n\n\n\n<figure class=\"wp-block-image size-large\"><a href=\"https:\/\/coolestprojects.coderdojocesko.cz\/coolestprojects\/?page_id=574\"><img loading=\"lazy\" decoding=\"async\" width=\"476\" height=\"356\" data-id=\"605\" src=\"https:\/\/coolestprojects.coderdojocesko.cz\/coolestprojects\/wp-content\/uploads\/2022\/04\/build.png\" alt=\"\" class=\"wp-image-605\" srcset=\"https:\/\/coolestprojects.coderdojocesko.cz\/coolestprojects\/wp-content\/uploads\/2022\/04\/build.png 476w, https:\/\/coolestprojects.coderdojocesko.cz\/coolestprojects\/wp-content\/uploads\/2022\/04\/build-300x224.png 300w\" sizes=\"auto, (max-width: 476px) 100vw, 476px\" \/><\/a><figcaption>Build<\/figcaption><\/figure>\n\n\n\n<figure class=\"wp-block-image size-large\"><a href=\"https:\/\/coolestprojects.coderdojocesko.cz\/coolestprojects\/?page_id=578\"><img loading=\"lazy\" decoding=\"async\" width=\"479\" height=\"350\" data-id=\"606\" src=\"https:\/\/coolestprojects.coderdojocesko.cz\/coolestprojects\/wp-content\/uploads\/2022\/04\/Kocka_chyta_mys.png\" alt=\"\" class=\"wp-image-606\" srcset=\"https:\/\/coolestprojects.coderdojocesko.cz\/coolestprojects\/wp-content\/uploads\/2022\/04\/Kocka_chyta_mys.png 479w, https:\/\/coolestprojects.coderdojocesko.cz\/coolestprojects\/wp-content\/uploads\/2022\/04\/Kocka_chyta_mys-300x219.png 300w\" sizes=\"auto, (max-width: 479px) 100vw, 479px\" \/><\/a><figcaption>Ko\u010dka chyt\u00e1 my\u0161<\/figcaption><\/figure>\n\n\n\n<figure class=\"wp-block-image size-large\"><a href=\"https:\/\/coolestprojects.coderdojocesko.cz\/coolestprojects\/?page_id=581\"><img loading=\"lazy\" decoding=\"async\" width=\"480\" height=\"352\" data-id=\"607\" src=\"https:\/\/coolestprojects.coderdojocesko.cz\/coolestprojects\/wp-content\/uploads\/2022\/04\/Avoid.png\" alt=\"\" class=\"wp-image-607\" srcset=\"https:\/\/coolestprojects.coderdojocesko.cz\/coolestprojects\/wp-content\/uploads\/2022\/04\/Avoid.png 480w, https:\/\/coolestprojects.coderdojocesko.cz\/coolestprojects\/wp-content\/uploads\/2022\/04\/Avoid-300x220.png 300w\" sizes=\"auto, (max-width: 480px) 100vw, 480px\" \/><\/a><figcaption>Avoid Obstacles<\/figcaption><\/figure>\n\n\n\n<figure class=\"wp-block-image size-large\"><a href=\"https:\/\/coolestprojects.coderdojocesko.cz\/coolestprojects\/?page_id=583\"><img loading=\"lazy\" decoding=\"async\" width=\"475\" height=\"355\" data-id=\"608\" src=\"https:\/\/coolestprojects.coderdojocesko.cz\/coolestprojects\/wp-content\/uploads\/2022\/04\/HRA.png\" alt=\"\" class=\"wp-image-608\" srcset=\"https:\/\/coolestprojects.coderdojocesko.cz\/coolestprojects\/wp-content\/uploads\/2022\/04\/HRA.png 475w, https:\/\/coolestprojects.coderdojocesko.cz\/coolestprojects\/wp-content\/uploads\/2022\/04\/HRA-300x224.png 300w\" sizes=\"auto, (max-width: 475px) 100vw, 475px\" \/><\/a><figcaption>Hra<\/figcaption><\/figure>\n\n\n\n<figure class=\"wp-block-image size-large\"><a href=\"https:\/\/coolestprojects.coderdojocesko.cz\/coolestprojects\/?page_id=637\"><img loading=\"lazy\" decoding=\"async\" width=\"480\" height=\"360\" data-id=\"639\" src=\"https:\/\/coolestprojects.coderdojocesko.cz\/coolestprojects\/wp-content\/uploads\/2022\/04\/ROBLOX.png\" alt=\"\" class=\"wp-image-639\" srcset=\"https:\/\/coolestprojects.coderdojocesko.cz\/coolestprojects\/wp-content\/uploads\/2022\/04\/ROBLOX.png 480w, https:\/\/coolestprojects.coderdojocesko.cz\/coolestprojects\/wp-content\/uploads\/2022\/04\/ROBLOX-300x225.png 300w\" sizes=\"auto, (max-width: 480px) 100vw, 480px\" \/><\/a><figcaption>Roblox Physics Obby Platformer<\/figcaption><\/figure>\n\n\n\n<figure class=\"wp-block-image size-large\"><a href=\"https:\/\/coolestprojects.coderdojocesko.cz\/coolestprojects\/?page_id=680\"><img loading=\"lazy\" decoding=\"async\" width=\"460\" height=\"385\" data-id=\"690\" src=\"https:\/\/coolestprojects.coderdojocesko.cz\/coolestprojects\/wp-content\/uploads\/2022\/05\/kostky.png\" alt=\"\" class=\"wp-image-690\" srcset=\"https:\/\/coolestprojects.coderdojocesko.cz\/coolestprojects\/wp-content\/uploads\/2022\/05\/kostky.png 460w, https:\/\/coolestprojects.coderdojocesko.cz\/coolestprojects\/wp-content\/uploads\/2022\/05\/kostky-300x251.png 300w\" sizes=\"auto, (max-width: 460px) 100vw, 460px\" \/><\/a><figcaption>Kostky<\/figcaption><\/figure>\n\n\n\n<figure class=\"wp-block-image size-large\"><a href=\"https:\/\/coolestprojects.coderdojocesko.cz\/coolestprojects\/?page_id=697\"><img loading=\"lazy\" decoding=\"async\" width=\"473\" height=\"354\" data-id=\"699\" src=\"https:\/\/coolestprojects.coderdojocesko.cz\/coolestprojects\/wp-content\/uploads\/2022\/05\/Morcatko.png\" alt=\"\" class=\"wp-image-699\" srcset=\"https:\/\/coolestprojects.coderdojocesko.cz\/coolestprojects\/wp-content\/uploads\/2022\/05\/Morcatko.png 473w, https:\/\/coolestprojects.coderdojocesko.cz\/coolestprojects\/wp-content\/uploads\/2022\/05\/Morcatko-300x225.png 300w\" sizes=\"auto, (max-width: 473px) 100vw, 473px\" \/><\/a><figcaption>Mor\u010d\u00e1tko sk\u00e1kaj\u00edc\u00ed p\u0159es sysla<\/figcaption><\/figure>\n<\/figure>\n\n\n\n<div style=\"height:61px\" aria-hidden=\"true\" class=\"wp-block-spacer\"><\/div>\n\n\n\n<h2 class=\"wp-block-heading\">Kategorie: Hardware<\/h2>\n\n\n\n<figure class=\"wp-block-gallery has-nested-images columns-2 is-cropped wp-block-gallery-3 is-layout-flex wp-block-gallery-is-layout-flex\">\n<figure class=\"wp-block-image size-large\"><a href=\"https:\/\/coolestprojects.coderdojocesko.cz\/coolestprojects\/?page_id=585\"><img loading=\"lazy\" decoding=\"async\" width=\"598\" height=\"310\" data-id=\"610\" src=\"https:\/\/coolestprojects.coderdojocesko.cz\/coolestprojects\/wp-content\/uploads\/2022\/04\/kompas.png\" alt=\"\" class=\"wp-image-610\" srcset=\"https:\/\/coolestprojects.coderdojocesko.cz\/coolestprojects\/wp-content\/uploads\/2022\/04\/kompas.png 598w, https:\/\/coolestprojects.coderdojocesko.cz\/coolestprojects\/wp-content\/uploads\/2022\/04\/kompas-300x156.png 300w\" sizes=\"auto, (max-width: 598px) 100vw, 598px\" \/><\/a><figcaption>Micro:bit kompas<\/figcaption><\/figure>\n\n\n\n<figure class=\"wp-block-image size-large\"><a href=\"https:\/\/coolestprojects.coderdojocesko.cz\/coolestprojects\/?page_id=591\"><img loading=\"lazy\" decoding=\"async\" width=\"599\" height=\"336\" data-id=\"609\" src=\"https:\/\/coolestprojects.coderdojocesko.cz\/coolestprojects\/wp-content\/uploads\/2022\/04\/arduino_majak.png\" alt=\"\" class=\"wp-image-609\" srcset=\"https:\/\/coolestprojects.coderdojocesko.cz\/coolestprojects\/wp-content\/uploads\/2022\/04\/arduino_majak.png 599w, https:\/\/coolestprojects.coderdojocesko.cz\/coolestprojects\/wp-content\/uploads\/2022\/04\/arduino_majak-300x168.png 300w\" sizes=\"auto, (max-width: 599px) 100vw, 599px\" \/><\/a><figcaption>Arduiono maj\u00e1k<\/figcaption><\/figure>\n\n\n\n<figure class=\"wp-block-image size-large\"><a href=\"https:\/\/coolestprojects.coderdojocesko.cz\/coolestprojects\/?page_id=594\"><img loading=\"lazy\" decoding=\"async\" width=\"595\" height=\"311\" data-id=\"611\" src=\"https:\/\/coolestprojects.coderdojocesko.cz\/coolestprojects\/wp-content\/uploads\/2022\/04\/Auto_S_microbitem.png\" alt=\"\" class=\"wp-image-611\" srcset=\"https:\/\/coolestprojects.coderdojocesko.cz\/coolestprojects\/wp-content\/uploads\/2022\/04\/Auto_S_microbitem.png 595w, https:\/\/coolestprojects.coderdojocesko.cz\/coolestprojects\/wp-content\/uploads\/2022\/04\/Auto_S_microbitem-300x157.png 300w\" sizes=\"auto, (max-width: 595px) 100vw, 595px\" \/><\/a><figcaption>Auto s micro:bitem<\/figcaption><\/figure>\n\n\n\n<figure class=\"wp-block-image size-large\"><a href=\"https:\/\/coolestprojects.coderdojocesko.cz\/coolestprojects\/?page_id=620\"><img loading=\"lazy\" decoding=\"async\" width=\"596\" height=\"329\" data-id=\"625\" src=\"https:\/\/coolestprojects.coderdojocesko.cz\/coolestprojects\/wp-content\/uploads\/2022\/04\/Mince.png\" alt=\"\" class=\"wp-image-625\" srcset=\"https:\/\/coolestprojects.coderdojocesko.cz\/coolestprojects\/wp-content\/uploads\/2022\/04\/Mince.png 596w, https:\/\/coolestprojects.coderdojocesko.cz\/coolestprojects\/wp-content\/uploads\/2022\/04\/Mince-300x166.png 300w\" sizes=\"auto, (max-width: 596px) 100vw, 596px\" \/><\/a><figcaption>Mince<\/figcaption><\/figure>\n\n\n\n<figure class=\"wp-block-image size-large\"><a href=\"https:\/\/coolestprojects.coderdojocesko.cz\/coolestprojects\/?page_id=623\"><img loading=\"lazy\" decoding=\"async\" width=\"597\" height=\"361\" data-id=\"626\" src=\"https:\/\/coolestprojects.coderdojocesko.cz\/coolestprojects\/wp-content\/uploads\/2022\/04\/rukavice_pro_nevidome.png\" alt=\"\" class=\"wp-image-626\" srcset=\"https:\/\/coolestprojects.coderdojocesko.cz\/coolestprojects\/wp-content\/uploads\/2022\/04\/rukavice_pro_nevidome.png 597w, https:\/\/coolestprojects.coderdojocesko.cz\/coolestprojects\/wp-content\/uploads\/2022\/04\/rukavice_pro_nevidome-300x181.png 300w\" sizes=\"auto, (max-width: 597px) 100vw, 597px\" \/><\/a><figcaption>Rukavice pro nevidom\u00e9<\/figcaption><\/figure>\n\n\n\n<figure class=\"wp-block-image size-large\"><a href=\"https:\/\/coolestprojects.coderdojocesko.cz\/coolestprojects\/?page_id=650\"><img loading=\"lazy\" decoding=\"async\" width=\"605\" height=\"339\" data-id=\"652\" src=\"https:\/\/coolestprojects.coderdojocesko.cz\/coolestprojects\/wp-content\/uploads\/2022\/04\/Velikonocni_vajicka.png\" alt=\"\" class=\"wp-image-652\" srcset=\"https:\/\/coolestprojects.coderdojocesko.cz\/coolestprojects\/wp-content\/uploads\/2022\/04\/Velikonocni_vajicka.png 605w, https:\/\/coolestprojects.coderdojocesko.cz\/coolestprojects\/wp-content\/uploads\/2022\/04\/Velikonocni_vajicka-300x168.png 300w\" sizes=\"auto, (max-width: 605px) 100vw, 605px\" \/><\/a><figcaption>Velikono\u010dn\u00ed vaj\u00ed\u010dka<\/figcaption><\/figure>\n\n\n\n<figure class=\"wp-block-image size-large\"><a href=\"https:\/\/coolestprojects.coderdojocesko.cz\/coolestprojects\/?page_id=678\"><img loading=\"lazy\" decoding=\"async\" width=\"280\" height=\"495\" data-id=\"692\" src=\"https:\/\/coolestprojects.coderdojocesko.cz\/coolestprojects\/wp-content\/uploads\/2022\/05\/tancici-ovo.png\" alt=\"\" class=\"wp-image-692\" srcset=\"https:\/\/coolestprojects.coderdojocesko.cz\/coolestprojects\/wp-content\/uploads\/2022\/05\/tancici-ovo.png 280w, https:\/\/coolestprojects.coderdojocesko.cz\/coolestprojects\/wp-content\/uploads\/2022\/05\/tancici-ovo-170x300.png 170w\" sizes=\"auto, (max-width: 280px) 100vw, 280px\" \/><\/a><figcaption>Tan\u010d\u00edc\u00ed Evo proje\u010f slalom<\/figcaption><\/figure>\n\n\n\n<figure class=\"wp-block-image size-large\"><a href=\"https:\/\/coolestprojects.coderdojocesko.cz\/coolestprojects\/?page_id=685\"><img loading=\"lazy\" decoding=\"async\" width=\"594\" height=\"357\" data-id=\"687\" src=\"https:\/\/coolestprojects.coderdojocesko.cz\/coolestprojects\/wp-content\/uploads\/2022\/05\/Blaznova_ukolebavka.png\" alt=\"\" class=\"wp-image-687\" srcset=\"https:\/\/coolestprojects.coderdojocesko.cz\/coolestprojects\/wp-content\/uploads\/2022\/05\/Blaznova_ukolebavka.png 594w, https:\/\/coolestprojects.coderdojocesko.cz\/coolestprojects\/wp-content\/uploads\/2022\/05\/Blaznova_ukolebavka-300x180.png 300w\" sizes=\"auto, (max-width: 594px) 100vw, 594px\" \/><\/a><figcaption>Micro:bit &#8211; Bl\u00e1znova ukol\u00e9bavka<\/figcaption><\/figure>\n\n\n\n<figure class=\"wp-block-image size-large\"><a href=\"https:\/\/coolestprojects.coderdojocesko.cz\/coolestprojects\/?page_id=695\"><img loading=\"lazy\" decoding=\"async\" width=\"594\" height=\"355\" data-id=\"700\" src=\"https:\/\/coolestprojects.coderdojocesko.cz\/coolestprojects\/wp-content\/uploads\/2022\/05\/Hodiny.png\" alt=\"\" class=\"wp-image-700\" srcset=\"https:\/\/coolestprojects.coderdojocesko.cz\/coolestprojects\/wp-content\/uploads\/2022\/05\/Hodiny.png 594w, https:\/\/coolestprojects.coderdojocesko.cz\/coolestprojects\/wp-content\/uploads\/2022\/05\/Hodiny-300x179.png 300w\" sizes=\"auto, (max-width: 594px) 100vw, 594px\" \/><\/a><figcaption>Kuka\u010dkov\u00e9 a digit\u00e1ln\u00ed hodiny<\/figcaption><\/figure>\n<\/figure>\n\n\n\n<div style=\"height:28px\" aria-hidden=\"true\" class=\"wp-block-spacer\"><\/div>\n\n\n\n<div style=\"height:34px\" aria-hidden=\"true\" class=\"wp-block-spacer\"><\/div>\n\n\n\n<h2 class=\"wp-block-heading\">Kategorie: Mobiln\u00ed aplikace<\/h2>\n\n\n\n<figure class=\"wp-block-image size-full is-resized\"><a href=\"https:\/\/coolestprojects.coderdojocesko.cz\/coolestprojects\/?page_id=589\"><img loading=\"lazy\" decoding=\"async\" src=\"https:\/\/coolestprojects.coderdojocesko.cz\/coolestprojects\/wp-content\/uploads\/2022\/04\/kalkulator-1.png\" alt=\"\" class=\"wp-image-612\" width=\"297\" height=\"174\" srcset=\"https:\/\/coolestprojects.coderdojocesko.cz\/coolestprojects\/wp-content\/uploads\/2022\/04\/kalkulator-1.png 598w, https:\/\/coolestprojects.coderdojocesko.cz\/coolestprojects\/wp-content\/uploads\/2022\/04\/kalkulator-1-300x176.png 300w\" sizes=\"auto, (max-width: 297px) 100vw, 297px\" \/><\/a><figcaption>Kalkul\u00e1tor<\/figcaption><\/figure>\n\n\n\n<h2 class=\"wp-block-heading\">Kategorie: Hry<\/h2>\n\n\n\n<figure class=\"wp-block-gallery has-nested-images columns-default is-cropped wp-block-gallery-4 is-layout-flex wp-block-gallery-is-layout-flex\">\n<figure class=\"wp-block-image size-large\"><a href=\"https:\/\/coolestprojects.coderdojocesko.cz\/coolestprojects\/?page_id=643\"><img loading=\"lazy\" decoding=\"async\" width=\"598\" height=\"313\" data-id=\"647\" src=\"https:\/\/coolestprojects.coderdojocesko.cz\/coolestprojects\/wp-content\/uploads\/2022\/04\/drtiva_porazka-1.png\" alt=\"\" class=\"wp-image-647\" srcset=\"https:\/\/coolestprojects.coderdojocesko.cz\/coolestprojects\/wp-content\/uploads\/2022\/04\/drtiva_porazka-1.png 598w, https:\/\/coolestprojects.coderdojocesko.cz\/coolestprojects\/wp-content\/uploads\/2022\/04\/drtiva_porazka-1-300x157.png 300w\" sizes=\"auto, (max-width: 598px) 100vw, 598px\" \/><\/a><figcaption>Drtiv\u00e1 por\u00e1\u017eka<\/figcaption><\/figure>\n\n\n\n<figure class=\"wp-block-image size-large\"><a href=\"https:\/\/coolestprojects.coderdojocesko.cz\/coolestprojects\/?page_id=682\"><img loading=\"lazy\" decoding=\"async\" width=\"602\" height=\"316\" data-id=\"688\" src=\"https:\/\/coolestprojects.coderdojocesko.cz\/coolestprojects\/wp-content\/uploads\/2022\/05\/bitva_statu.png\" alt=\"\" class=\"wp-image-688\" srcset=\"https:\/\/coolestprojects.coderdojocesko.cz\/coolestprojects\/wp-content\/uploads\/2022\/05\/bitva_statu.png 602w, https:\/\/coolestprojects.coderdojocesko.cz\/coolestprojects\/wp-content\/uploads\/2022\/05\/bitva_statu-300x157.png 300w\" sizes=\"auto, (max-width: 602px) 100vw, 602px\" \/><\/a><figcaption>Bitva dvou st\u00e1t\u016f<\/figcaption><\/figure>\n<\/figure>\n\n\n\n<h2 class=\"wp-block-heading\">Kategorie: Pokro\u010dil\u00e9 programov\u00e1n\u00ed<\/h2>\n\n\n\n<figure class=\"wp-block-image size-full is-resized\"><a href=\"https:\/\/coolestprojects.coderdojocesko.cz\/coolestprojects\/?page_id=666\"><img loading=\"lazy\" decoding=\"async\" src=\"https:\/\/coolestprojects.coderdojocesko.cz\/coolestprojects\/wp-content\/uploads\/2022\/05\/project420.png\" alt=\"\" class=\"wp-image-672\" width=\"599\" height=\"243\" srcset=\"https:\/\/coolestprojects.coderdojocesko.cz\/coolestprojects\/wp-content\/uploads\/2022\/05\/project420.png 595w, https:\/\/coolestprojects.coderdojocesko.cz\/coolestprojects\/wp-content\/uploads\/2022\/05\/project420-300x121.png 300w\" sizes=\"auto, (max-width: 599px) 100vw, 599px\" \/><\/a><figcaption>Project 420<\/figcaption><\/figure>\n\n\n\n<div style=\"height:74px\" aria-hidden=\"true\" class=\"wp-block-spacer\"><\/div>\n","protected":false},"excerpt":{"rendered":"<p>Kategorie: Scratch Kategorie: Hardware Kategorie: Mobiln\u00ed aplikace Kategorie: Hry Kategorie: Pokro\u010dil\u00e9 programov\u00e1n\u00ed<\/p>\n","protected":false},"author":1,"featured_media":0,"parent":0,"menu_order":0,"comment_status":"closed","ping_status":"closed","template":"","meta":{"_uag_custom_page_level_css":"","_monsterinsights_skip_tracking":false,"_monsterinsights_sitenote_active":false,"_monsterinsights_sitenote_note":"","_monsterinsights_sitenote_category":0,"neve_meta_sidebar":"","neve_meta_container":"","neve_meta_enable_content_width":"","neve_meta_content_width":0,"neve_meta_title_alignment":"","neve_meta_author_avatar":"","neve_post_elements_order":"","neve_meta_disable_header":"","neve_meta_disable_footer":"","neve_meta_disable_title":"","footnotes":""},"class_list":["post-430","page","type-page","status-publish","hentry"],"uagb_featured_image_src":{"full":false,"thumbnail":false,"medium":false,"medium_large":false,"large":false,"1536x1536":false,"2048x2048":false,"neve-blog":false},"uagb_author_info":{"display_name":"vlekner","author_link":"https:\/\/coolestprojects.coderdojocesko.cz\/coolestprojects\/?author=1"},"uagb_comment_info":0,"uagb_excerpt":"Kategorie: Scratch Kategorie: Hardware Kategorie: Mobiln\u00ed aplikace Kategorie: Hry Kategorie: Pokro\u010dil\u00e9 programov\u00e1n\u00ed","_links":{"self":[{"href":"https:\/\/coolestprojects.coderdojocesko.cz\/coolestprojects\/index.php?rest_route=\/wp\/v2\/pages\/430","targetHints":{"allow":["GET"]}}],"collection":[{"href":"https:\/\/coolestprojects.coderdojocesko.cz\/coolestprojects\/index.php?rest_route=\/wp\/v2\/pages"}],"about":[{"href":"https:\/\/coolestprojects.coderdojocesko.cz\/coolestprojects\/index.php?rest_route=\/wp\/v2\/types\/page"}],"author":[{"embeddable":true,"href":"https:\/\/coolestprojects.coderdojocesko.cz\/coolestprojects\/index.php?rest_route=\/wp\/v2\/users\/1"}],"replies":[{"embeddable":true,"href":"https:\/\/coolestprojects.coderdojocesko.cz\/coolestprojects\/index.php?rest_route=%2Fwp%2Fv2%2Fcomments&post=430"}],"version-history":[{"count":24,"href":"https:\/\/coolestprojects.coderdojocesko.cz\/coolestprojects\/index.php?rest_route=\/wp\/v2\/pages\/430\/revisions"}],"predecessor-version":[{"id":704,"href":"https:\/\/coolestprojects.coderdojocesko.cz\/coolestprojects\/index.php?rest_route=\/wp\/v2\/pages\/430\/revisions\/704"}],"wp:attachment":[{"href":"https:\/\/coolestprojects.coderdojocesko.cz\/coolestprojects\/index.php?rest_route=%2Fwp%2Fv2%2Fmedia&parent=430"}],"curies":[{"name":"wp","href":"https:\/\/api.w.org\/{rel}","templated":true}]}}