{"id":307,"date":"2020-01-13T11:17:52","date_gmt":"2020-01-13T11:17:52","guid":{"rendered":"https:\/\/demosites.io\/web-agency-gb\/?page_id=5"},"modified":"2022-06-13T20:59:16","modified_gmt":"2022-06-13T18:59:16","slug":"15c42-web-agency-gb-home","status":"publish","type":"page","link":"https:\/\/coolestprojects.coderdojocesko.cz\/coolestprojects\/","title":{"rendered":"Home"},"content":{"rendered":"\n<div class=\"wp-block-cover alignfull\" style=\"min-height:700px;aspect-ratio:unset;\"><span aria-hidden=\"true\" class=\"wp-block-cover__background has-background-dim-0 has-background-dim\"><\/span><img loading=\"lazy\" decoding=\"async\" width=\"1242\" height=\"828\" class=\"wp-block-cover__image-background wp-image-383\" alt=\"\" src=\"https:\/\/coolestprojects.coderdojocesko.cz\/coolestprojects\/wp-content\/uploads\/2022\/03\/CoderDojo-VSE_Daniel-Hamernik-tmava-30-procent.jpg\" style=\"object-position:50% 64%\" data-object-fit=\"cover\" data-object-position=\"50% 64%\" srcset=\"https:\/\/coolestprojects.coderdojocesko.cz\/coolestprojects\/wp-content\/uploads\/2022\/03\/CoderDojo-VSE_Daniel-Hamernik-tmava-30-procent.jpg 1242w, https:\/\/coolestprojects.coderdojocesko.cz\/coolestprojects\/wp-content\/uploads\/2022\/03\/CoderDojo-VSE_Daniel-Hamernik-tmava-30-procent-300x200.jpg 300w, https:\/\/coolestprojects.coderdojocesko.cz\/coolestprojects\/wp-content\/uploads\/2022\/03\/CoderDojo-VSE_Daniel-Hamernik-tmava-30-procent-1024x683.jpg 1024w, https:\/\/coolestprojects.coderdojocesko.cz\/coolestprojects\/wp-content\/uploads\/2022\/03\/CoderDojo-VSE_Daniel-Hamernik-tmava-30-procent-768x512.jpg 768w, https:\/\/coolestprojects.coderdojocesko.cz\/coolestprojects\/wp-content\/uploads\/2022\/03\/CoderDojo-VSE_Daniel-Hamernik-tmava-30-procent-930x620.jpg 930w\" sizes=\"auto, (max-width: 1242px) 100vw, 1242px\" \/><div class=\"wp-block-cover__inner-container is-layout-flow wp-block-cover-is-layout-flow\">\n<div style=\"height:80px\" aria-hidden=\"true\" class=\"wp-block-spacer\"><\/div>\n\n\n\n<h1 class=\"has-text-align-center has-nv-site-bg-color has-text-color wp-block-heading\">M\u00e1\u0161 n\u00e1pad na zaj\u00edmav\u00fd IT projekt?<\/h1>\n\n\n\n<p class=\"has-text-align-center has-nv-site-bg-color has-text-color\" style=\"font-size:25px\"><\/p>\n\n\n\n<div class=\"wp-block-buttons is-horizontal is-content-justification-center is-layout-flex wp-container-core-buttons-is-layout-499968f5 wp-block-buttons-is-layout-flex\">\n<div class=\"wp-block-button is-style-primary\"><a class=\"wp-block-button__link has-nv-dark-bg-color has-text-color wp-element-button\" href=\"https:\/\/coolestprojects.coderdojocesko.cz\/coolestprojects\/?page_id=405\">CHCI SE REGISTROVAT<\/a><\/div>\n<\/div>\n\n\n\n<div style=\"height:80px\" aria-hidden=\"true\" class=\"wp-block-spacer\"><\/div>\n\n\n\n<div style=\"height:80px\" aria-hidden=\"true\" class=\"wp-block-spacer\"><\/div>\n<\/div><\/div>\n\n\n\n<div style=\"height:35px\" aria-hidden=\"true\" class=\"wp-block-spacer\"><\/div>\n\n\n\n<h2 class=\"has-text-align-center wp-block-heading\"><strong><em>CO JE COOLEST PROJECTS \u010cESKO<\/em><\/strong>?<\/h2>\n\n\n\n<p class=\"has-medium-font-size\">Coolest Projects \u010cesko je p\u0159ehl\u00eddka projekt\u016f program\u00e1tor\u016f a program\u00e1torek do 18 let nehled\u011b na jejich zku\u0161enosti. Kdokoliv, kdo m\u00e1 n\u00e1pad, bav\u00ed ho programovat a chce se se sv\u00fdm projektem pochlubit i ostatn\u00edm, se m\u016f\u017ee zapojit!<\/p>\n\n\n\n<p class=\"has-medium-font-size\">Registrace je otev\u0159en\u00e1 od 1. do 30. dubna 2022.<\/p>\n\n\n\n<p class=\"has-medium-font-size\"><br>\u010cesk\u00e1 varianta mezin\u00e1rodn\u00ed p\u0159ehl\u00eddky projekt\u016f Coolest Projects Global se kon\u00e1 letos \u00fapln\u011b poprv\u00e9.<\/p>\n\n\n\n<div class=\"wp-block-buttons is-layout-flex wp-block-buttons-is-layout-flex\">\n<div class=\"wp-block-button aligncenter\"><a class=\"wp-block-button__link has-nv-dark-bg-color has-neve-link-color-background-color has-text-color has-background wp-element-button\" href=\"https:\/\/coolestprojects.coderdojocesko.cz\/coolestprojects\/?page_id=390\">CHCI V\u011aD\u011aT V\u00cdC<\/a><\/div>\n<\/div>\n\n\n\n<div style=\"height:63px\" aria-hidden=\"true\" class=\"wp-block-spacer\"><\/div>\n\n\n\n<figure class=\"wp-block-image size-large is-resized\"><img loading=\"lazy\" decoding=\"async\" src=\"https:\/\/coolestprojects.coderdojocesko.cz\/coolestprojects\/wp-content\/uploads\/2022\/05\/podekovani_fb-s-logem-2-1024x390.jpg\" alt=\"\" class=\"wp-image-717\" width=\"1168\" height=\"445\" srcset=\"https:\/\/coolestprojects.coderdojocesko.cz\/coolestprojects\/wp-content\/uploads\/2022\/05\/podekovani_fb-s-logem-2-1024x390.jpg 1024w, https:\/\/coolestprojects.coderdojocesko.cz\/coolestprojects\/wp-content\/uploads\/2022\/05\/podekovani_fb-s-logem-2-300x114.jpg 300w, https:\/\/coolestprojects.coderdojocesko.cz\/coolestprojects\/wp-content\/uploads\/2022\/05\/podekovani_fb-s-logem-2-768x293.jpg 768w, https:\/\/coolestprojects.coderdojocesko.cz\/coolestprojects\/wp-content\/uploads\/2022\/05\/podekovani_fb-s-logem-2-1536x585.jpg 1536w, https:\/\/coolestprojects.coderdojocesko.cz\/coolestprojects\/wp-content\/uploads\/2022\/05\/podekovani_fb-s-logem-2-2048x780.jpg 2048w\" sizes=\"auto, (max-width: 1168px) 100vw, 1168px\" \/><\/figure>\n\n\n\n<div style=\"height:22px\" aria-hidden=\"true\" class=\"wp-block-spacer\"><\/div>\n\n\n\n<div class=\"wp-block-buttons is-layout-flex wp-block-buttons-is-layout-flex\">\n<div class=\"wp-block-button aligncenter\"><a class=\"wp-block-button__link has-nv-dark-bg-color has-neve-link-color-background-color has-text-color has-background wp-element-button\" href=\"https:\/\/www.youtube.com\/watch?v=qSFld874L3g\">CHCI SHL\u00c9DNOUT VYHL\u00c1\u0160EN\u00cd<\/a><\/div>\n<\/div>\n\n\n\n<div style=\"height:44px\" aria-hidden=\"true\" class=\"wp-block-spacer\"><\/div>\n\n\n\n<div style=\"height:27px\" aria-hidden=\"true\" class=\"wp-block-spacer\"><\/div>\n\n\n\n<h2 class=\"has-text-align-center wp-block-heading\"><em>GALERIE PROJEKT\u016e<\/em><\/h2>\n\n\n\n<figure class=\"wp-block-gallery has-nested-images columns-default is-cropped wp-block-gallery-1 is-layout-flex wp-block-gallery-is-layout-flex\">\n<figure class=\"wp-block-image size-full\"><a href=\"https:\/\/coolestprojects.coderdojocesko.cz\/coolestprojects\/?page_id=697\"><img loading=\"lazy\" decoding=\"async\" width=\"473\" height=\"354\" data-id=\"699\" src=\"https:\/\/coolestprojects.coderdojocesko.cz\/coolestprojects\/wp-content\/uploads\/2022\/05\/Morcatko.png\" alt=\"\" class=\"wp-image-699\" srcset=\"https:\/\/coolestprojects.coderdojocesko.cz\/coolestprojects\/wp-content\/uploads\/2022\/05\/Morcatko.png 473w, https:\/\/coolestprojects.coderdojocesko.cz\/coolestprojects\/wp-content\/uploads\/2022\/05\/Morcatko-300x225.png 300w\" sizes=\"auto, (max-width: 473px) 100vw, 473px\" \/><\/a><figcaption>Mor\u010d\u00e1tko sk\u00e1kaj\u00edc\u00ed p\u0159es sysla<\/figcaption><\/figure>\n\n\n\n<figure class=\"wp-block-image size-full\"><a href=\"https:\/\/coolestprojects.coderdojocesko.cz\/coolestprojects\/?page_id=695\"><img loading=\"lazy\" decoding=\"async\" width=\"594\" height=\"355\" data-id=\"700\" src=\"https:\/\/coolestprojects.coderdojocesko.cz\/coolestprojects\/wp-content\/uploads\/2022\/05\/Hodiny.png\" alt=\"\" class=\"wp-image-700\" srcset=\"https:\/\/coolestprojects.coderdojocesko.cz\/coolestprojects\/wp-content\/uploads\/2022\/05\/Hodiny.png 594w, https:\/\/coolestprojects.coderdojocesko.cz\/coolestprojects\/wp-content\/uploads\/2022\/05\/Hodiny-300x179.png 300w\" sizes=\"auto, (max-width: 594px) 100vw, 594px\" \/><\/a><figcaption>Kuka\u010dkov\u00e9 a digit\u00e1ln\u00ed hodiny<\/figcaption><\/figure>\n\n\n\n<figure class=\"wp-block-image size-full\"><a href=\"https:\/\/coolestprojects.coderdojocesko.cz\/coolestprojects\/?page_id=685\"><img loading=\"lazy\" decoding=\"async\" width=\"594\" height=\"357\" data-id=\"687\" src=\"https:\/\/coolestprojects.coderdojocesko.cz\/coolestprojects\/wp-content\/uploads\/2022\/05\/Blaznova_ukolebavka.png\" alt=\"\" class=\"wp-image-687\" srcset=\"https:\/\/coolestprojects.coderdojocesko.cz\/coolestprojects\/wp-content\/uploads\/2022\/05\/Blaznova_ukolebavka.png 594w, https:\/\/coolestprojects.coderdojocesko.cz\/coolestprojects\/wp-content\/uploads\/2022\/05\/Blaznova_ukolebavka-300x180.png 300w\" sizes=\"auto, (max-width: 594px) 100vw, 594px\" \/><\/a><figcaption>Bl\u00e1znova ukol\u00e9bavka<\/figcaption><\/figure>\n<\/figure>\n\n\n\n<div style=\"height:39px\" aria-hidden=\"true\" class=\"wp-block-spacer\"><\/div>\n\n\n\n<div class=\"wp-block-buttons is-layout-flex wp-block-buttons-is-layout-flex\">\n<div class=\"wp-block-button aligncenter\"><a class=\"wp-block-button__link has-nv-dark-bg-color has-neve-link-color-background-color has-text-color has-background wp-element-button\" href=\"https:\/\/coolestprojects.coderdojocesko.cz\/coolestprojects\/?page_id=430\">ZOBRAZIT DAL\u0160\u00cd PROJEKTY<\/a><\/div>\n<\/div>\n\n\n\n<div style=\"height:22px\" aria-hidden=\"true\" class=\"wp-block-spacer\"><\/div>\n\n\n\n<div class=\"wp-block-buttons is-layout-flex wp-block-buttons-is-layout-flex\">\n<div class=\"wp-block-button aligncenter\"><a class=\"wp-block-button__link has-nv-dark-bg-color has-neve-link-color-background-color has-text-color has-background wp-element-button\" href=\"https:\/\/coolestprojects.coderdojocesko.cz\/coolestprojects\/?page_id=722\">NEJOBL\u00cdBEN\u011aJ\u0160\u00cd PROJEKTY POROTC\u016e<\/a><\/div>\n<\/div>\n\n\n\n<div style=\"height:63px\" aria-hidden=\"true\" class=\"wp-block-spacer\"><\/div>\n\n\n\n<h2 class=\"has-text-align-center wp-block-heading\"><em>POROTCI<\/em><\/h2>\n\n\n\n<div class=\"wp-block-columns is-layout-flex wp-container-core-columns-is-layout-9d6595d7 wp-block-columns-is-layout-flex\">\n<div class=\"wp-block-column is-layout-flow wp-block-column-is-layout-flow\"><\/div>\n\n\n\n<div class=\"wp-block-column is-layout-flow wp-block-column-is-layout-flow\"><\/div>\n\n\n\n<div class=\"wp-block-column is-layout-flow wp-block-column-is-layout-flow\"><\/div>\n<\/div>\n\n\n\n<figure class=\"wp-block-gallery has-nested-images columns-default is-cropped wp-block-gallery-2 is-layout-flex wp-block-gallery-is-layout-flex\">\n<figure class=\"wp-block-image size-large\"><img loading=\"lazy\" decoding=\"async\" width=\"1184\" height=\"1185\" data-id=\"544\" src=\"https:\/\/coolestprojects.coderdojocesko.cz\/coolestprojects\/wp-content\/uploads\/2022\/04\/6-6933.jpg\" alt=\"\" class=\"wp-image-544\" srcset=\"https:\/\/coolestprojects.coderdojocesko.cz\/coolestprojects\/wp-content\/uploads\/2022\/04\/6-6933.jpg 1184w, https:\/\/coolestprojects.coderdojocesko.cz\/coolestprojects\/wp-content\/uploads\/2022\/04\/6-6933-300x300.jpg 300w, https:\/\/coolestprojects.coderdojocesko.cz\/coolestprojects\/wp-content\/uploads\/2022\/04\/6-6933-1024x1024.jpg 1024w, https:\/\/coolestprojects.coderdojocesko.cz\/coolestprojects\/wp-content\/uploads\/2022\/04\/6-6933-150x150.jpg 150w, https:\/\/coolestprojects.coderdojocesko.cz\/coolestprojects\/wp-content\/uploads\/2022\/04\/6-6933-768x769.jpg 768w\" sizes=\"auto, (max-width: 1184px) 100vw, 1184px\" \/><\/figure>\n\n\n\n<figure class=\"wp-block-image size-large\"><img loading=\"lazy\" decoding=\"async\" width=\"225\" height=\"300\" data-id=\"543\" src=\"https:\/\/coolestprojects.coderdojocesko.cz\/coolestprojects\/wp-content\/uploads\/2022\/04\/kolar.jpg\" alt=\"\" class=\"wp-image-543\"\/><\/figure>\n\n\n\n<figure class=\"wp-block-image size-large\"><img loading=\"lazy\" decoding=\"async\" width=\"800\" height=\"800\" data-id=\"542\" src=\"https:\/\/coolestprojects.coderdojocesko.cz\/coolestprojects\/wp-content\/uploads\/2022\/04\/Kosatikova.jpeg\" alt=\"\" class=\"wp-image-542\" srcset=\"https:\/\/coolestprojects.coderdojocesko.cz\/coolestprojects\/wp-content\/uploads\/2022\/04\/Kosatikova.jpeg 800w, https:\/\/coolestprojects.coderdojocesko.cz\/coolestprojects\/wp-content\/uploads\/2022\/04\/Kosatikova-300x300.jpeg 300w, https:\/\/coolestprojects.coderdojocesko.cz\/coolestprojects\/wp-content\/uploads\/2022\/04\/Kosatikova-150x150.jpeg 150w, https:\/\/coolestprojects.coderdojocesko.cz\/coolestprojects\/wp-content\/uploads\/2022\/04\/Kosatikova-768x768.jpeg 768w\" sizes=\"auto, (max-width: 800px) 100vw, 800px\" \/><\/figure>\n<\/figure>\n\n\n\n<div style=\"height:16px\" aria-hidden=\"true\" class=\"wp-block-spacer\"><\/div>\n\n\n\n<div class=\"wp-block-columns is-layout-flex wp-container-core-columns-is-layout-9d6595d7 wp-block-columns-is-layout-flex\">\n<div class=\"wp-block-column is-layout-flow wp-block-column-is-layout-flow\">\n<pre class=\"wp-block-preformatted\"><em>Michal \u010cern\u00fd\nRPishop.cz\n<\/em>Robotika &amp; vzd\u011bl\u00e1v\u00e1n\u00ed<\/pre>\n<\/div>\n\n\n\n<div class=\"wp-block-column is-layout-flow wp-block-column-is-layout-flow\">\n<pre class=\"wp-block-preformatted\"><em>Josef Kol\u00e1\u0159\n\u0158editel \u0161koly\nVO\u0160 a SP\u0160E Olomouc<\/em><\/pre>\n<\/div>\n\n\n\n<div class=\"wp-block-column is-layout-flow wp-block-column-is-layout-flow\">\n<pre class=\"wp-block-preformatted\"><em>Kristina Kosat\u00edkov\u00e1\nCitizenship Lead IBM CEE\nIBM \u010cesk\u00e1 republika, spol. s r.o.<\/em><\/pre>\n<\/div>\n<\/div>\n\n\n\n<div class=\"wp-block-columns is-layout-flex wp-container-core-columns-is-layout-9d6595d7 wp-block-columns-is-layout-flex\">\n<div class=\"wp-block-column is-layout-flow wp-block-column-is-layout-flow\"><\/div>\n\n\n\n<div class=\"wp-block-column is-layout-flow wp-block-column-is-layout-flow\">\n<figure class=\"wp-block-image size-large\"><img loading=\"lazy\" decoding=\"async\" width=\"768\" height=\"1024\" src=\"https:\/\/coolestprojects.coderdojocesko.cz\/coolestprojects\/wp-content\/uploads\/2022\/04\/IMG_9859-2-min-768x1024.png\" alt=\"\" class=\"wp-image-634\" srcset=\"https:\/\/coolestprojects.coderdojocesko.cz\/coolestprojects\/wp-content\/uploads\/2022\/04\/IMG_9859-2-min-768x1024.png 768w, https:\/\/coolestprojects.coderdojocesko.cz\/coolestprojects\/wp-content\/uploads\/2022\/04\/IMG_9859-2-min-225x300.png 225w, https:\/\/coolestprojects.coderdojocesko.cz\/coolestprojects\/wp-content\/uploads\/2022\/04\/IMG_9859-2-min-1152x1536.png 1152w, https:\/\/coolestprojects.coderdojocesko.cz\/coolestprojects\/wp-content\/uploads\/2022\/04\/IMG_9859-2-min-1536x2048.png 1536w\" sizes=\"auto, (max-width: 768px) 100vw, 768px\" \/><\/figure>\n<\/div>\n\n\n\n<div class=\"wp-block-column is-layout-flow wp-block-column-is-layout-flow\"><\/div>\n<\/div>\n\n\n\n<div class=\"wp-block-columns is-layout-flex wp-container-core-columns-is-layout-9d6595d7 wp-block-columns-is-layout-flex\">\n<div class=\"wp-block-column is-layout-flow wp-block-column-is-layout-flow\"><\/div>\n\n\n\n<div class=\"wp-block-column is-layout-flow wp-block-column-is-layout-flow\">\n<pre class=\"wp-block-preformatted\"><em>Vladana Pillerov\u00e1\nVedouc\u00ed studijn\u00edho a informa\u010dn\u00edho odd\u011blen\u00ed\nN\u00e1rodn\u00ed knihovna \u010cesk\u00e9 republiky<\/em>\n<\/pre>\n<\/div>\n\n\n\n<div class=\"wp-block-column is-layout-flow wp-block-column-is-layout-flow\"><\/div>\n<\/div>\n\n\n\n<h2 class=\"has-text-align-center wp-block-heading\"><em>UKA\u017d SV\u016eJ PROJEKT CEL\u00c9MU SV\u011aTU<\/em><\/h2>\n\n\n\n<p class=\"has-medium-font-size\">Pr\u00e1v\u011b prob\u00edh\u00e1 des\u00e1t\u00fd ro\u010dn\u00edk mezin\u00e1rodn\u00ed exhibice projekt\u016f Coolest Projects Global. Registrace je otev\u0159en\u00e1 do 11. kv\u011btna. Sv\u016fj projekt m\u016f\u017eete p\u0159ihl\u00e1sit do obou akc\u00ed. Jen do mezin\u00e1rodn\u00ed exhibice je nutn\u00e9 nato\u010dit video o projektu v angli\u010dtin\u011b, nebo p\u0159idat ke sv\u00e9mu videu titulky. Pravidla v \u010de\u0161tin\u011b si m\u016f\u017eete p\u0159e\u010d\u00edst na str\u00e1nk\u00e1ch&nbsp;<a rel=\"noreferrer noopener\" href=\"https:\/\/coderdojocesko.cz\/blog\/2022\/02\/11\/coolest-projects-2022\/\" target=\"_blank\">CoderDojo \u010cesk\u00e1 republika<\/a>.&nbsp;<\/p>\n\n\n\n<div class=\"wp-block-buttons is-layout-flex wp-block-buttons-is-layout-flex\">\n<div class=\"wp-block-button aligncenter\"><a class=\"wp-block-button__link has-nv-dark-bg-color has-neve-link-color-background-color has-text-color has-background wp-element-button\" href=\"https:\/\/online.coolestprojects.org\/\">REGISTRACE NA COOLEST PROJECTS GLOBAL<\/a><\/div>\n<\/div>\n\n\n\n<div style=\"height:33px\" aria-hidden=\"true\" class=\"wp-block-spacer\"><\/div>\n\n\n<div class=\"wp-block-image\">\n<figure class=\"aligncenter size-medium is-resized\"><a href=\"https:\/\/online.coolestprojects.org\/\"><img decoding=\"async\" src=\"https:\/\/coolestprojects.coderdojocesko.cz\/coolestprojects\/wp-content\/uploads\/2022\/03\/CP21_Online_Showcase_Social_Cards_V1_Instagram_-300x300.png\" alt=\"\" class=\"wp-image-394\" width=\"500\" srcset=\"https:\/\/coolestprojects.coderdojocesko.cz\/coolestprojects\/wp-content\/uploads\/2022\/03\/CP21_Online_Showcase_Social_Cards_V1_Instagram_-300x300.png 300w, https:\/\/coolestprojects.coderdojocesko.cz\/coolestprojects\/wp-content\/uploads\/2022\/03\/CP21_Online_Showcase_Social_Cards_V1_Instagram_-1024x1024.png 1024w, https:\/\/coolestprojects.coderdojocesko.cz\/coolestprojects\/wp-content\/uploads\/2022\/03\/CP21_Online_Showcase_Social_Cards_V1_Instagram_-150x150.png 150w, https:\/\/coolestprojects.coderdojocesko.cz\/coolestprojects\/wp-content\/uploads\/2022\/03\/CP21_Online_Showcase_Social_Cards_V1_Instagram_-768x768.png 768w, https:\/\/coolestprojects.coderdojocesko.cz\/coolestprojects\/wp-content\/uploads\/2022\/03\/CP21_Online_Showcase_Social_Cards_V1_Instagram_-1536x1536.png 1536w, https:\/\/coolestprojects.coderdojocesko.cz\/coolestprojects\/wp-content\/uploads\/2022\/03\/CP21_Online_Showcase_Social_Cards_V1_Instagram_-2048x2048.png 2048w\" sizes=\"(max-width: 300px) 100vw, 300px\" \/><\/a><\/figure>\n<\/div>\n\n\n<hr class=\"wp-block-separator has-css-opacity\"\/>\n\n\n\n<h2 class=\"has-text-align-center wp-block-heading\"><em>PARTNE\u0158I<\/em><\/h2>\n\n\n<div class=\"wp-block-image\">\n<figure class=\"aligncenter size-large is-resized\"><a href=\"https:\/\/rpishop.cz\/\" target=\"_blank\" rel=\"noreferrer noopener\"><img loading=\"lazy\" decoding=\"async\" src=\"https:\/\/rpishop.cz\/img\/rpishopcz-logo-1623537254.jpg\" alt=\"\" width=\"297\" height=\"97\"\/><\/a><\/figure>\n<\/div>\n\n\n<div style=\"height:43px\" aria-hidden=\"true\" class=\"wp-block-spacer\"><\/div>\n\n\n<div class=\"wp-block-image\">\n<figure class=\"aligncenter size-full\"><a href=\"https:\/\/www.skipcr.cz\/\" target=\"_blank\" rel=\"noreferrer noopener\"><img loading=\"lazy\" decoding=\"async\" width=\"250\" height=\"143\" src=\"https:\/\/coolestprojects.coderdojocesko.cz\/coolestprojects\/wp-content\/uploads\/2022\/04\/skip_logo.png\" alt=\"\" class=\"wp-image-527\"\/><\/a><\/figure>\n<\/div>\n\n\n<div style=\"height:44px\" aria-hidden=\"true\" class=\"wp-block-spacer\"><\/div>\n\n\n<div class=\"wp-block-image\">\n<figure class=\"aligncenter size-full\"><a href=\"https:\/\/www.mvk.cz\/\" target=\"_blank\" rel=\"noreferrer noopener\"><img loading=\"lazy\" decoding=\"async\" width=\"300\" height=\"163\" src=\"https:\/\/coolestprojects.coderdojocesko.cz\/coolestprojects\/wp-content\/uploads\/2022\/04\/mvkv.jpg\" alt=\"\" class=\"wp-image-531\"\/><\/a><\/figure>\n<\/div>\n\n\n<hr class=\"wp-block-separator has-alpha-channel-opacity\"\/>\n\n\n<div class=\"wp-block-image\">\n<figure class=\"aligncenter size-medium\"><a href=\"https:\/\/coderdojocesko.cz\/\"><img loading=\"lazy\" decoding=\"async\" width=\"300\" height=\"116\" src=\"https:\/\/coolestprojects.coderdojocesko.cz\/coolestprojects\/wp-content\/uploads\/2022\/03\/38792497_1917009574988324_6447732697212125184_n-300x116.png\" alt=\"\" class=\"wp-image-380\" srcset=\"https:\/\/coolestprojects.coderdojocesko.cz\/coolestprojects\/wp-content\/uploads\/2022\/03\/38792497_1917009574988324_6447732697212125184_n-300x116.png 300w, https:\/\/coolestprojects.coderdojocesko.cz\/coolestprojects\/wp-content\/uploads\/2022\/03\/38792497_1917009574988324_6447732697212125184_n-768x296.png 768w, https:\/\/coolestprojects.coderdojocesko.cz\/coolestprojects\/wp-content\/uploads\/2022\/03\/38792497_1917009574988324_6447732697212125184_n.png 1000w\" sizes=\"auto, (max-width: 300px) 100vw, 300px\" \/><\/a><\/figure>\n<\/div>\n\n\n<div style=\"height:23px\" aria-hidden=\"true\" class=\"wp-block-spacer\"><\/div>\n\n\n\n<p class=\"has-text-align-center\">Tel: +420 607 079 802<br>E-mail: <a href=\"mailto:kontakt.cz@coderdojo.com\">kontakt.cz@coderdojo.com<\/a><\/p>\n\n\n<div class=\"wp-block-image\">\n<figure class=\"aligncenter size-large\"><img decoding=\"async\" src=\"http:\/\/popup.active24.cz\/sponzoring.gif\" alt=\"\"\/><\/figure>\n<\/div>","protected":false},"excerpt":{"rendered":"<p>CO JE COOLEST PROJECTS \u010cESKO? Coolest Projects \u010cesko je p\u0159ehl\u00eddka projekt\u016f program\u00e1tor\u016f a program\u00e1torek do 18 let nehled\u011b na jejich zku\u0161enosti. Kdokoliv, kdo m\u00e1 n\u00e1pad, bav\u00ed ho programovat a chce se se sv\u00fdm projektem pochlubit i ostatn\u00edm, se m\u016f\u017ee zapojit! Registrace je otev\u0159en\u00e1 od 1. do 30. dubna 2022. \u010cesk\u00e1 varianta mezin\u00e1rodn\u00ed p\u0159ehl\u00eddky projekt\u016f Coolest&hellip;&nbsp;<a href=\"https:\/\/coolestprojects.coderdojocesko.cz\/coolestprojects\/\" rel=\"bookmark\">\u010c\u00edst d\u00e1le &raquo;<span class=\"screen-reader-text\">Home<\/span><\/a><\/p>\n","protected":false},"author":1,"featured_media":0,"parent":0,"menu_order":0,"comment_status":"closed","ping_status":"closed","template":"","meta":{"_uag_custom_page_level_css":"","_monsterinsights_skip_tracking":false,"_monsterinsights_sitenote_active":false,"_monsterinsights_sitenote_note":"","_monsterinsights_sitenote_category":0,"neve_meta_sidebar":"default","neve_meta_container":"default","neve_meta_enable_content_width":"on","neve_meta_content_width":100,"neve_meta_title_alignment":"","neve_meta_author_avatar":"","neve_post_elements_order":"","neve_meta_disable_header":"","neve_meta_disable_footer":"","neve_meta_disable_title":"on","footnotes":""},"class_list":["post-307","page","type-page","status-publish","hentry"],"uagb_featured_image_src":{"full":false,"thumbnail":false,"medium":false,"medium_large":false,"large":false,"1536x1536":false,"2048x2048":false,"neve-blog":false},"uagb_author_info":{"display_name":"vlekner","author_link":"https:\/\/coolestprojects.coderdojocesko.cz\/coolestprojects\/?author=1"},"uagb_comment_info":0,"uagb_excerpt":"CO JE COOLEST PROJECTS \u010cESKO? Coolest Projects \u010cesko je p\u0159ehl\u00eddka projekt\u016f program\u00e1tor\u016f a program\u00e1torek do 18 let nehled\u011b na jejich zku\u0161enosti. Kdokoliv, kdo m\u00e1 n\u00e1pad, bav\u00ed ho programovat a chce se se sv\u00fdm projektem pochlubit i ostatn\u00edm, se m\u016f\u017ee zapojit! Registrace je otev\u0159en\u00e1 od 1. do 30. dubna 2022. \u010cesk\u00e1 varianta mezin\u00e1rodn\u00ed p\u0159ehl\u00eddky projekt\u016f Coolest&hellip;&nbsp;\u010c\u00edst&hellip;","_links":{"self":[{"href":"https:\/\/coolestprojects.coderdojocesko.cz\/coolestprojects\/index.php?rest_route=\/wp\/v2\/pages\/307","targetHints":{"allow":["GET"]}}],"collection":[{"href":"https:\/\/coolestprojects.coderdojocesko.cz\/coolestprojects\/index.php?rest_route=\/wp\/v2\/pages"}],"about":[{"href":"https:\/\/coolestprojects.coderdojocesko.cz\/coolestprojects\/index.php?rest_route=\/wp\/v2\/types\/page"}],"author":[{"embeddable":true,"href":"https:\/\/coolestprojects.coderdojocesko.cz\/coolestprojects\/index.php?rest_route=\/wp\/v2\/users\/1"}],"replies":[{"embeddable":true,"href":"https:\/\/coolestprojects.coderdojocesko.cz\/coolestprojects\/index.php?rest_route=%2Fwp%2Fv2%2Fcomments&post=307"}],"version-history":[{"count":92,"href":"https:\/\/coolestprojects.coderdojocesko.cz\/coolestprojects\/index.php?rest_route=\/wp\/v2\/pages\/307\/revisions"}],"predecessor-version":[{"id":731,"href":"https:\/\/coolestprojects.coderdojocesko.cz\/coolestprojects\/index.php?rest_route=\/wp\/v2\/pages\/307\/revisions\/731"}],"wp:attachment":[{"href":"https:\/\/coolestprojects.coderdojocesko.cz\/coolestprojects\/index.php?rest_route=%2Fwp%2Fv2%2Fmedia&parent=307"}],"curies":[{"name":"wp","href":"https:\/\/api.w.org\/{rel}","templated":true}]}}