{"id":126,"date":"2022-03-13T12:29:43","date_gmt":"2022-03-13T11:29:43","guid":{"rendered":"https:\/\/coolestprojects.coderdojocesko.cz\/coolestprojects\/?page_id=126"},"modified":"2022-04-03T16:33:47","modified_gmt":"2022-04-03T14:33:47","slug":"ochrana-osobnich-udaju-2","status":"publish","type":"page","link":"https:\/\/coolestprojects.coderdojocesko.cz\/coolestprojects\/?page_id=126","title":{"rendered":"Ochrana osobn\u00edch \u00fadaj\u016f"},"content":{"rendered":"\n<p>Na t\u00e9to str\u00e1nce naleznete p\u0159ehled hlavn\u00edch princip\u016f ochrany osobn\u00edch \u00fadaj\u016f a dal\u0161\u00edch zpracov\u00e1van\u00fdch \u00fadaj\u016f.&nbsp;<\/p>\n\n\n\n<p><strong>Kdo zpracov\u00e1v\u00e1 va\u0161e \u00fadaje?&nbsp;<\/strong><\/p>\n\n\n\n<p>Tereza&nbsp;Hager, M.A.<br>Koordin\u00e1torka&nbsp;CoderDojo&nbsp;\u010cesk\u00e1 republika<br>Na Vyhl\u00eddce 255 M\u011bchenice 252 06<\/p>\n\n\n\n<p><strong>Jak\u00e9 va\u0161e \u00fadaje zpracov\u00e1v\u00e1me?&nbsp;<\/strong><\/p>\n\n\n\n<p>Shroma\u017e\u010fov\u00e1n\u00ed osobn\u00edch \u00fadaj\u016f p\u0159i n\u00e1v\u0161t\u011bv\u011b webov\u00fdch str\u00e1nek&nbsp;CoderDojo&nbsp;\u010cesk\u00e1 republika&nbsp;<\/p>\n\n\n\n<p>V p\u0159\u00edpad\u011b pouh\u00e9ho informativn\u00edho vyu\u017eit\u00ed webov\u00fdch str\u00e1nek, tj. pokud se&nbsp;nevyu\u017eijete kontaktn\u00ed formul\u00e1\u0159&nbsp;nebo n\u00e1m jinak neposkytnete informace, shroma\u017e\u010fujeme pouze osobn\u00ed \u00fadaje, kter\u00e9 v\u00e1\u0161 prohl\u00ed\u017ee\u010d p\u0159en\u00e1\u0161\u00ed na n\u00e1\u0161 server. Chcete-li si prohl\u00e9dnout&nbsp;na\u0161e&nbsp;webov\u00e9 str\u00e1nky, shroma\u017e\u010fujeme n\u00e1sleduj\u00edc\u00ed informace, kter\u00e9 jsou pro n\u00e1s technicky nezbytn\u00e9 k zobrazen\u00ed na\u0161ich webov\u00fdch str\u00e1nek a zaji\u0161t\u011bn\u00ed jejich stability a bezpe\u010dnosti. (podle&nbsp;\u010dl. 6 odst. 1 bod 1 p\u00edsm.&nbsp;f)&nbsp;DS-GVO):&nbsp;<\/p>\n\n\n\n<ul class=\"wp-block-list\"><li>IP-Adresa\u00a0<\/li><li>Datum a \u010das p\u0159\u00edstupu\u00a0<\/li><li>Rozd\u00edl \u010dasov\u00e9ho p\u00e1sma oproti st\u0159edoevropsk\u00e9mu \u010dasu(GMT)\u00a0<\/li><li>Obsah po\u017eadavku (konkr\u00e9tn\u00ed str\u00e1nka)\u00a0<\/li><li>P\u0159\u00edstupov\u00fd Status \/ HTTP statusov\u00fd k\u00f3d\u00a0<\/li><li>P\u0159edan\u00e9 mno\u017estv\u00ed dat\u00a0<\/li><li>Webov\u00e1 str\u00e1nka, ze kter\u00e9 tato \u017e\u00e1dost poch\u00e1z\u00ed\u00a0<\/li><li>Internetov\u00fd prohl\u00ed\u017ee\u010d\u00a0<\/li><li>Opera\u010dn\u00ed syst\u00e9m a jeho rozhran\u00ed\u00a0<\/li><li>Jazyk a verze prohl\u00ed\u017ee\u010dov\u00e9ho softwaru<\/li><li>Osobn\u00ed \u00fadaje, kter\u00e9 n\u00e1m poskytnete p\u0159i zasl\u00e1n\u00ed dotazu, \u010di registrace do akce Coolest Projects \u010cesko<\/li><li>Video, \u010di jinak sd\u00edlen\u00fd sout\u011b\u017en\u00ed projekt v\u00e1mi registrovan\u00fd do Coolest Projects \u010cesko<\/li><\/ul>\n\n\n\n<p><strong>Pro\u010d Va\u0161e osobn\u00ed \u00fadaje zpracov\u00e1v\u00e1me?<\/strong><\/p>\n\n\n\n<p><strong>Va\u0161e \u00fadaje d\u00e1le zpracov\u00e1v\u00e1me za \u00fa\u010delem:<\/strong>&nbsp;<\/p>\n\n\n\n<ul class=\"wp-block-list\"><li>Zlep\u0161en\u00ed kvality na\u0161ich webov\u00fdch str\u00e1nek\u00a0<\/li><li>Prov\u00e1d\u011bn\u00ed anal\u00fdz a m\u011b\u0159en\u00ed s\u202fc\u00edlem zjistit, jak jsou na\u0161e webov\u00e9 str\u00e1nky pou\u017e\u00edv\u00e1ny.\u00a0<\/li><li>Vy\u0159\u00edzen\u00ed va\u0161ich dotaz\u016f a po\u017eadavk\u016f (Pot\u00e9 jsou va\u0161e \u00fadaje vymaz\u00e1ny,\u00a0nevy\u017eaduje\u00a0li\u00a0z\u00e1kon, nebo jin\u00e9 na\u0159\u00edzen\u00ed jinak)\u00a0<\/li><li>Zeregistrov\u00e1n\u00ed do akce Coolest Projects \u010cesko, ohodnocen\u00ed soute\u017en\u00edho projektu a zasl\u00e1n\u00ed odm\u011bny<\/li><\/ul>\n\n\n\n<p>&nbsp;<strong>Kdo v\u0161echno bude m\u00edt k Va\u0161im \u00fadaj\u016fm p\u0159\u00edstup?<\/strong><\/p>\n\n\n\n<p>Va\u0161e \u00fadaje jsou u n\u00e1s v bezpe\u010d\u00ed. Pe\u010dliv\u011b si vyb\u00edr\u00e1me sv\u00e9 partnery, kter\u00fdm Va\u0161e data sv\u011b\u0159ujeme a kte\u0159\u00ed jsou schopni zajistit takov\u00e9 technick\u00e9 a organiza\u010dn\u00ed zabezpe\u010den\u00ed Va\u0161ich \u00fadaj\u016f, aby nemohlo doj\u00edt k neopr\u00e1vn\u011bn\u00e9mu nebo nahodil\u00e9mu p\u0159\u00edstupu k Va\u0161im \u00fadaj\u016fm \u010di k jejich jin\u00e9mu zneu\u017eit\u00ed. Ochrana Va\u0161ich dat je na\u0161\u00ed prioritou. V\u0161ichni na\u0161i partne\u0159i jsou v\u00e1z\u00e1ni povinnost\u00ed ml\u010denlivosti a nesm\u011bj\u00ed vyu\u017e\u00edt poskytnut\u00e9 \u00fadaje k \u017e\u00e1dn\u00fdm jin\u00fdm \u00fa\u010del\u016fm, ne\u017e ke kter\u00fdm jsme jim je zp\u0159\u00edstupnili.&nbsp;<\/p>\n\n\n\n<p>T\u0159et\u00edmi stranami, kter\u00e9 mohou m\u00edt p\u0159\u00edstup k Va\u0161im osobn\u00edm \u00fadaj\u016fm tak dle povahy slu\u017eby, kterou vyu\u017e\u00edv\u00e1te nebo jste vyu\u017e\u00edvali jsou:&nbsp;<\/p>\n\n\n\n<ul class=\"wp-block-list\"><li>osoby, kter\u00fdm poskytujeme \u00fadaje za \u00fa\u010delem anal\u00fdzy n\u00e1v\u0161t\u011bvnosti na\u0161ich web\u016f;&nbsp;<\/li><li>osoby, kter\u00e9 pro n\u00e1s zaji\u0161\u0165uj\u00ed technick\u00fd provoz ur\u010dit\u00e9 slu\u017eby \u010di provozovatel\u00e9 technologi\u00ed, kter\u00e9 pro na\u0161e slu\u017eby vyu\u017e\u00edv\u00e1me;&nbsp;<\/li><li>provozovatel\u00e9 reklamn\u00edch syst\u00e9m\u016f v souvislosti s c\u00edlenou reklamou;&nbsp;<\/li><li>provozovatel\u00e9 technick\u00fdch \u0159e\u0161en\u00ed, d\u00edky kter\u00fdm V\u00e1m m\u016f\u017eeme zobrazovat pouze pro V\u00e1s relevantn\u00ed obsah a reklamu.&nbsp;<\/li><li>Za ur\u010dit\u00fdch, p\u0159esn\u011b definovan\u00fdch, podm\u00ednek jsme pak povinni n\u011bkter\u00e9 Va\u0161e osobn\u00ed \u00fadaje p\u0159edat na z\u00e1klad\u011b platn\u00fdch pr\u00e1vn\u00edch p\u0159edpis\u016f nap\u0159. Policii \u010cR, pop\u0159. jin\u00fdm org\u00e1n\u016fm \u010dinn\u00fdm v trestn\u00edm \u0159\u00edzen\u00ed v\u010detn\u011b specializovan\u00fdch \u00fatvar\u016f (\u00daOOZ, Celn\u00ed spr\u00e1va atd.) a dal\u0161\u00edm org\u00e1n\u016fm ve\u0159ejn\u00e9 spr\u00e1vy.&nbsp;<\/li><\/ul>\n\n\n\n<p><strong>Co jsou cookies a jak\u00e9 druhy cookies pou\u017e\u00edv\u00e1me?<\/strong><\/p>\n\n\n\n<p>Cookies jsou mal\u00e9 datov\u00e9 soubory, d\u00edky kter\u00fdm si nav\u0161t\u00edven\u00e9 webov\u00e9 str\u00e1nky pamatuj\u00ed \u00fakony a nastaven\u00ed jednotliv\u00fdch u\u017eivatel\u016f, kter\u00e9 na nich provedli, tak\u017ee se tyto \u00fadaje nemus\u00ed zad\u00e1vat opakovan\u011b. Soubory cookies se ukl\u00e1daj\u00ed do jednotliv\u00fdch po\u010d\u00edta\u010d\u016f pomoc\u00ed webov\u00e9ho prohl\u00ed\u017ee\u010de.\u202f Cookies nep\u0159edstavuj\u00ed nebezpe\u010d\u00ed, neslou\u017e\u00ed k z\u00edsk\u00e1v\u00e1n\u00ed jak\u00fdchkoli citliv\u00fdch osobn\u00edch \u00fadaj\u016f, maj\u00ed v\u0161ak v\u00fdznam pro ochranu soukrom\u00ed. Cookies nepou\u017e\u00edv\u00e1me pro zji\u0161t\u011bn\u00ed toto\u017enosti u\u017eivatel\u016f webov\u00fdch str\u00e1nek ani ke zneu\u017eit\u00ed p\u0159ihla\u0161ovac\u00edch \u00fadaj\u016f.&nbsp;<\/p>\n\n\n\n<p>Dal\u0161\u00ed skupinu p\u0159edstavuj\u00ed cookies t\u0159et\u00edch stran (nap\u0159. Google&nbsp;Analytics&nbsp;pro anal\u00fdzu n\u00e1v\u0161t\u011bvnosti dan\u00e9 konkr\u00e9tn\u00ed webov\u00e9 str\u00e1nky \u010di ur\u010dit\u00e9 slu\u017eby \u010di cookies provozovatel\u016f reklamn\u00edch syst\u00e9m\u016f, kter\u00e9 jsou na na\u0161ich str\u00e1nk\u00e1ch provozov\u00e1ny). Tyto cookies jsou \u0159\u00edzeny t\u0159et\u00edmi stranami a my nem\u00e1me p\u0159\u00edstup ke \u010dten\u00ed nebo z\u00e1pisu t\u011bchto \u00fadaj\u016f.&nbsp;<\/p>\n\n\n\n<p>Vy jako u\u017eivatel\u00e9 m\u00e1te mo\u017enost pou\u017e\u00edv\u00e1n\u00ed cookies odm\u00edtnout. Je v\u0161ak mo\u017en\u00e9, \u017ee v n\u011bkter\u00fdch p\u0159\u00edpadech nebude mo\u017en\u00e9 bez pou\u017e\u00edv\u00e1n\u00ed cookies zobrazit ur\u010ditou na\u0161i slu\u017ebu \u010di produkt.&nbsp;<\/p>\n\n\n\n<p>Pokud bude m\u00edt V\u00e1\u0161 prohl\u00ed\u017ee\u010d pou\u017eit\u00ed cookies povoleno, budeme vych\u00e1zet z toho, \u017ee souhlas\u00edte s vyu\u017e\u00edv\u00e1n\u00edm standardn\u00edch cookies ze strany na\u0161ich web\u016f.&nbsp;<\/p>\n\n\n\n<p>Va\u0161e \u00fadaje budeme zpracov\u00e1vat po celou dobu vyu\u017e\u00edv\u00e1n\u00ed na\u0161ich slu\u017eeb a n\u00e1sledn\u011b na z\u00e1klad\u011b V\u00e1mi ud\u011blen\u00e9ho souhlasu na dobo neur\u010ditou, nebude-li tento V\u00e1\u0161 souhlas se zpracov\u00e1n\u00edm osobn\u00edch \u00fadaj\u016f z Va\u0161\u00ed strany odvol\u00e1n.&nbsp;<\/p>\n\n\n\n<p><strong>Jak jsou \u00fadaje zabezpe\u010deny?<\/strong><\/p>\n\n\n\n<p>Ve\u0161ker\u00e9 osobn\u00ed \u00fadaje, kter\u00e9 n\u00e1m poskytnete, jsou zabezpe\u010deny standardn\u00edmi postupy a technologiemi. Nen\u00ed v\u0161ak objektivn\u011b mo\u017en\u00e9 zcela zaru\u010dit bezpe\u010dnost Va\u0161ich osobn\u00edch \u00fadaj\u016f. Proto nen\u00ed ani mo\u017en\u00e9 100 % zajistit, \u017ee k poskytnut\u00fdm osobn\u00edm \u00fadaj\u016fm nem\u016f\u017ee t\u0159et\u00ed osoba z\u00edskat p\u0159\u00edstup, nemohou b\u00fdt zkop\u00edrov\u00e1ny, zve\u0159ejn\u011bny, pozm\u011bn\u011bny nebo zni\u010deny prolomen\u00edm na\u0161ich bezpe\u010dnostn\u00edch opat\u0159en\u00ed.&nbsp;<\/p>\n\n\n\n<p>V t\u00e9to souvislosti V\u00e1s nicm\u00e9n\u011b ubezpe\u010dujeme, \u017ee pravideln\u011b kontrolujeme, zda syst\u00e9m neobsahuje slab\u00e1 m\u00edsta a nebyl vystaven \u00fatoku a pou\u017e\u00edv\u00e1me takov\u00e1 bezpe\u010dnost\u00ed opat\u0159en\u00ed, aby, pokud mo\u017eno, nedo\u0161lo k neopr\u00e1vn\u011bn\u00e9mu p\u0159\u00edstupu k Va\u0161im osobn\u00edm \u00fadaj\u016fm, a kter\u00e1 s ohledem na aktu\u00e1ln\u00ed stav technologi\u00ed poskytuj\u00ed dostate\u010dn\u00e9 zabezpe\u010den\u00ed. P\u0159ijat\u00e1 bezpe\u010dnostn\u00ed opat\u0159en\u00ed jsou pak pravideln\u011b aktualizov\u00e1na.&nbsp;<\/p>\n\n\n\n<p>&nbsp;<strong>Jak a kdy m\u016f\u017eete sv\u016fj souhlas se zpracov\u00e1n\u00edm osobn\u00edch \u00fadaj\u016f odvolat?<\/strong><\/p>\n\n\n\n<p>Pokud jste dali souhlas se zpracov\u00e1n\u00edm va\u0161ich osobn\u00edch \u00fadaj\u016f, m\u016f\u017eete jej kdykoli zru\u0161it. Takov\u00e9 zru\u0161en\u00ed bude m\u00edt vliv na zpracov\u00e1n\u00ed va\u0161ich osobn\u00edch \u00fadaj\u016f pot\u00e9, co n\u00e1m bude doru\u010deno (ex-nunc).&nbsp;<\/p>\n\n\n\n<p>Samoz\u0159ejm\u011b m\u016f\u017eete kdykoli zak\u00e1zat zpracov\u00e1n\u00ed va\u0161ich osobn\u00edch \u00fadaj\u016f pro \u00fa\u010dely anal\u00fdzy dat. Va\u0161e n\u00e1mitky n\u00e1m m\u016f\u017eete zaslat na:&nbsp;<a href=\"mailto:kontakt.cz@coderdojo.com\">kontakt.cz@coderdojo.com<\/a>&nbsp;<\/p>\n\n\n\n<p><strong>Jak\u00e1 v\u0161echna pr\u00e1va m\u00e1te v souvislosti s ochranou osobn\u00edch \u00fadaj\u016f?<\/strong><\/p>\n\n\n\n<p>Ve vztahu k Va\u0161im osobn\u00edm \u00fadaj\u016fm m\u00e1te zejm\u00e9na n\u00e1sleduj\u00edc\u00ed pr\u00e1va:&nbsp;<\/p>\n\n\n\n<ul class=\"wp-block-list\"><li>pr\u00e1vo sv\u016fj souhlas kdykoli odvolat;&nbsp;<\/li><li>pr\u00e1vo osobn\u00ed \u00fadaje opravit \u010di doplnit;&nbsp;<\/li><li>pr\u00e1vo po\u017eadovat omezen\u00ed zpracov\u00e1n\u00ed;&nbsp;<\/li><li>pr\u00e1vo vzn\u00e9st n\u00e1mitku \u010di st\u00ed\u017enost proti zpracov\u00e1n\u00ed v ur\u010dit\u00fdch p\u0159\u00edpadech;&nbsp;<\/li><li>pr\u00e1vo po\u017eadovat p\u0159enesen\u00ed \u00fadaj\u016f;&nbsp;<\/li><li>pr\u00e1vo na p\u0159\u00edstup k osobn\u00edm \u00fadaj\u016fm;&nbsp;<\/li><li>pr\u00e1vo b\u00fdt informov\u00e1n o poru\u0161en\u00ed zabezpe\u010den\u00ed osobn\u00edch \u00fadaj\u016f v ur\u010dit\u00fdch p\u0159\u00edpadech;&nbsp;<\/li><li>pr\u00e1vo na v\u00fdmaz osobn\u00edch \u00fadaj\u016f (pr\u00e1vo b\u00fdt \u201ezapomenut\u201c) v ur\u010dit\u00fdch p\u0159\u00edpadech; a&nbsp;<\/li><li>dal\u0161\u00ed pr\u00e1va stanoven\u00e1 v z\u00e1kon\u011b o ochran\u011b osobn\u00edch \u00fadaj\u016f a v obecn\u00e9m na\u0159\u00edzen\u00ed o ochran\u011b osobn\u00edch \u00fadaj\u016f \u010d. 2016\/679 po nabyt\u00ed jeho \u00fa\u010dinnosti.&nbsp;<\/li><\/ul>\n","protected":false},"excerpt":{"rendered":"<p>Na t\u00e9to str\u00e1nce naleznete p\u0159ehled hlavn\u00edch princip\u016f ochrany osobn\u00edch \u00fadaj\u016f a dal\u0161\u00edch zpracov\u00e1van\u00fdch \u00fadaj\u016f.&nbsp; Kdo zpracov\u00e1v\u00e1 va\u0161e \u00fadaje?&nbsp; Tereza&nbsp;Hager, M.A.Koordin\u00e1torka&nbsp;CoderDojo&nbsp;\u010cesk\u00e1 republikaNa Vyhl\u00eddce 255 M\u011bchenice 252 06 Jak\u00e9 va\u0161e \u00fadaje zpracov\u00e1v\u00e1me?&nbsp; Shroma\u017e\u010fov\u00e1n\u00ed osobn\u00edch \u00fadaj\u016f p\u0159i n\u00e1v\u0161t\u011bv\u011b webov\u00fdch str\u00e1nek&nbsp;CoderDojo&nbsp;\u010cesk\u00e1 republika&nbsp; V p\u0159\u00edpad\u011b pouh\u00e9ho informativn\u00edho vyu\u017eit\u00ed webov\u00fdch str\u00e1nek, tj. pokud se&nbsp;nevyu\u017eijete kontaktn\u00ed formul\u00e1\u0159&nbsp;nebo n\u00e1m jinak neposkytnete informace, shroma\u017e\u010fujeme&hellip;&nbsp;<a href=\"https:\/\/coolestprojects.coderdojocesko.cz\/coolestprojects\/?page_id=126\" rel=\"bookmark\">\u010c\u00edst d\u00e1le &raquo;<span class=\"screen-reader-text\">Ochrana osobn\u00edch \u00fadaj\u016f<\/span><\/a><\/p>\n","protected":false},"author":1,"featured_media":0,"parent":0,"menu_order":0,"comment_status":"closed","ping_status":"closed","template":"","meta":{"_uag_custom_page_level_css":"","_monsterinsights_skip_tracking":false,"_monsterinsights_sitenote_active":false,"_monsterinsights_sitenote_note":"","_monsterinsights_sitenote_category":0,"neve_meta_sidebar":"","neve_meta_container":"","neve_meta_enable_content_width":"","neve_meta_content_width":0,"neve_meta_title_alignment":"","neve_meta_author_avatar":"","neve_post_elements_order":"","neve_meta_disable_header":"","neve_meta_disable_footer":"","neve_meta_disable_title":"","footnotes":""},"class_list":["post-126","page","type-page","status-publish","hentry"],"uagb_featured_image_src":{"full":false,"thumbnail":false,"medium":false,"medium_large":false,"large":false,"1536x1536":false,"2048x2048":false,"neve-blog":false},"uagb_author_info":{"display_name":"vlekner","author_link":"https:\/\/coolestprojects.coderdojocesko.cz\/coolestprojects\/?author=1"},"uagb_comment_info":0,"uagb_excerpt":"Na t\u00e9to str\u00e1nce naleznete p\u0159ehled hlavn\u00edch princip\u016f ochrany osobn\u00edch \u00fadaj\u016f a dal\u0161\u00edch zpracov\u00e1van\u00fdch \u00fadaj\u016f.&nbsp; Kdo zpracov\u00e1v\u00e1 va\u0161e \u00fadaje?&nbsp; Tereza&nbsp;Hager, M.A.Koordin\u00e1torka&nbsp;CoderDojo&nbsp;\u010cesk\u00e1 republikaNa Vyhl\u00eddce 255 M\u011bchenice 252 06 Jak\u00e9 va\u0161e \u00fadaje zpracov\u00e1v\u00e1me?&nbsp; Shroma\u017e\u010fov\u00e1n\u00ed osobn\u00edch \u00fadaj\u016f p\u0159i n\u00e1v\u0161t\u011bv\u011b webov\u00fdch str\u00e1nek&nbsp;CoderDojo&nbsp;\u010cesk\u00e1 republika&nbsp; V p\u0159\u00edpad\u011b pouh\u00e9ho informativn\u00edho vyu\u017eit\u00ed webov\u00fdch str\u00e1nek, tj. pokud se&nbsp;nevyu\u017eijete kontaktn\u00ed formul\u00e1\u0159&nbsp;nebo n\u00e1m jinak neposkytnete informace, shroma\u017e\u010fujeme&hellip;&nbsp;\u010c\u00edst&hellip;","_links":{"self":[{"href":"https:\/\/coolestprojects.coderdojocesko.cz\/coolestprojects\/index.php?rest_route=\/wp\/v2\/pages\/126","targetHints":{"allow":["GET"]}}],"collection":[{"href":"https:\/\/coolestprojects.coderdojocesko.cz\/coolestprojects\/index.php?rest_route=\/wp\/v2\/pages"}],"about":[{"href":"https:\/\/coolestprojects.coderdojocesko.cz\/coolestprojects\/index.php?rest_route=\/wp\/v2\/types\/page"}],"author":[{"embeddable":true,"href":"https:\/\/coolestprojects.coderdojocesko.cz\/coolestprojects\/index.php?rest_route=\/wp\/v2\/users\/1"}],"replies":[{"embeddable":true,"href":"https:\/\/coolestprojects.coderdojocesko.cz\/coolestprojects\/index.php?rest_route=%2Fwp%2Fv2%2Fcomments&post=126"}],"version-history":[{"count":2,"href":"https:\/\/coolestprojects.coderdojocesko.cz\/coolestprojects\/index.php?rest_route=\/wp\/v2\/pages\/126\/revisions"}],"predecessor-version":[{"id":463,"href":"https:\/\/coolestprojects.coderdojocesko.cz\/coolestprojects\/index.php?rest_route=\/wp\/v2\/pages\/126\/revisions\/463"}],"wp:attachment":[{"href":"https:\/\/coolestprojects.coderdojocesko.cz\/coolestprojects\/index.php?rest_route=%2Fwp%2Fv2%2Fmedia&parent=126"}],"curies":[{"name":"wp","href":"https:\/\/api.w.org\/{rel}","templated":true}]}}